{"id":2951,"date":"2022-05-10T08:00:57","date_gmt":"2022-05-10T08:00:57","guid":{"rendered":"https:\/\/tesler.ee\/%d0%ba%d0%be%d1%80%d0%b7%d0%b8%d0%bd%d0%b0-%d0%bf%d0%be%d0%ba%d1%83%d0%bf%d0%b0%d1%82%d0%b5%d0%bb%d1%8f\/"},"modified":"2023-01-23T10:58:53","modified_gmt":"2023-01-23T10:58:53","slug":"korzina-pokupatelya","status":"publish","type":"page","link":"https:\/\/tesler.ee\/ru\/korzina-pokupatelya\/","title":{"rendered":"\u041a\u043e\u0440\u0437\u0438\u043d\u0430 \u043f\u043e\u043a\u0443\u043f\u0430\u0442\u0435\u043b\u044f"},"content":{"rendered":"<div class=\"woocommerce\">\n<div class=\"jet-woo-builder-woocommerce-empty-cart\">\n\t<div class=\"woocommerce-notices-wrapper\"><\/div><div class=\"wc-empty-cart-message\">\n\t<div class=\"cart-empty woocommerce-info\" role=\"status\">\n\t\t\u0412\u0430\u0448\u0430 \u043a\u043e\u0440\u0437\u0438\u043d\u0430 \u043f\u043e\u043a\u0430 \u043f\u0443\u0441\u0442\u0430.\t<\/div>\n<\/div><style>.elementor-1942 .elementor-element.elementor-element-7c0088e > .elementor-container{min-height:80vh;}.elementor-widget-lottie{--caption-color:var( --e-global-color-text );}.elementor-widget-lottie .e-lottie__caption{font-family:var( --e-global-typography-text-font-family ), Sans-serif;font-weight:var( --e-global-typography-text-font-weight );}.elementor-1942 .elementor-element.elementor-element-2c52b17{--lottie-container-max-width:300px;}.elementor-widget-heading .elementor-heading-title{font-family:var( --e-global-typography-primary-font-family ), Sans-serif;font-weight:var( --e-global-typography-primary-font-weight );color:var( --e-global-color-primary );}.elementor-1942 .elementor-element.elementor-element-eb27ed4{text-align:center;}.elementor-1942 .elementor-element.elementor-element-eb27ed4 .elementor-heading-title{font-family:\"Albra\", Sans-serif;font-weight:600;color:var( --e-global-color-3e97349 );}.elementor-widget-button .elementor-button{font-family:var( --e-global-typography-accent-font-family ), Sans-serif;font-weight:var( --e-global-typography-accent-font-weight );background-color:var( --e-global-color-accent );}.elementor-1942 .elementor-element.elementor-element-16335fc .elementor-button{font-family:\"Montserrat\", Sans-serif;font-size:16px;font-weight:500;fill:var( --e-global-color-3e97349 );color:var( --e-global-color-3e97349 );background-color:var( --e-global-color-7297059 );border-radius:30px 30px 30px 30px;padding:20px 30px 20px 30px;}.elementor-1942 .elementor-element.elementor-element-16335fc .elementor-button:hover, .elementor-1942 .elementor-element.elementor-element-16335fc .elementor-button:focus{background-color:var( --e-global-color-18eddbc );}.elementor-1942 .elementor-element.elementor-element-11a052b .elementor-button{font-family:\"Montserrat\", Sans-serif;font-size:16px;font-weight:500;fill:var( --e-global-color-3e97349 );color:var( --e-global-color-3e97349 );background-color:var( --e-global-color-secondary );border-radius:30px 30px 30px 30px;padding:20px 30px 20px 30px;}.elementor-1942 .elementor-element.elementor-element-11a052b .elementor-button:hover, .elementor-1942 .elementor-element.elementor-element-11a052b .elementor-button:focus{background-color:var( --e-global-color-text );}body{background-image:url(\"https:\/\/tesler.ee\/wp-content\/uploads\/2023\/01\/sauna_pattern-Converted-vertical-transparent20-scaled.webp\");}\/* Start Custom Fonts CSS *\/@font-face {\n\tfont-family: 'Albra';\n\tfont-style: normal;\n\tfont-weight: normal;\n\tfont-display: auto;\n\tsrc: url('https:\/\/tesler.ee\/wp-content\/uploads\/2022\/05\/Albra-Regular.woff') format('woff');\n}\n@font-face {\n\tfont-family: 'Albra';\n\tfont-style: normal;\n\tfont-weight: 500;\n\tfont-display: auto;\n\tsrc: url('https:\/\/tesler.ee\/wp-content\/uploads\/2022\/05\/Albra-Semi.woff') format('woff');\n}\n@font-face {\n\tfont-family: 'Albra';\n\tfont-style: normal;\n\tfont-weight: 400;\n\tfont-display: auto;\n\tsrc: url('https:\/\/tesler.ee\/wp-content\/uploads\/2022\/05\/Albra-Medium.woff') format('woff');\n}\n@font-face {\n\tfont-family: 'Albra';\n\tfont-style: normal;\n\tfont-weight: 200;\n\tfont-display: auto;\n\tsrc: url('https:\/\/tesler.ee\/wp-content\/uploads\/2022\/05\/Albra-Light.woff') format('woff');\n}\n@font-face {\n\tfont-family: 'Albra';\n\tfont-style: normal;\n\tfont-weight: bold;\n\tfont-display: auto;\n\tsrc: url('https:\/\/tesler.ee\/wp-content\/uploads\/2022\/05\/Albra-Bold.woff') format('woff');\n}\n@font-face {\n\tfont-family: 'Albra';\n\tfont-style: normal;\n\tfont-weight: 900;\n\tfont-display: auto;\n\tsrc: url('https:\/\/tesler.ee\/wp-content\/uploads\/2022\/05\/Albra-Black.woff') format('woff');\n}\n\/* End Custom Fonts CSS *\/<\/style>\t\t<div data-elementor-type=\"jet-woo-builder-cart\" data-elementor-id=\"1942\" class=\"elementor elementor-1942\" data-elementor-post-type=\"jet-woo-builder\">\n\t\t\t\t\t\t<section class=\"elementor-section elementor-top-section elementor-element elementor-element-7c0088e elementor-section-height-min-height elementor-section-boxed elementor-section-height-default elementor-section-items-middle\" data-id=\"7c0088e\" data-element_type=\"section\" data-e-type=\"section\">\n\t\t\t\t\t\t<div class=\"elementor-container elementor-column-gap-default\">\n\t\t\t\t\t<div class=\"elementor-column elementor-col-100 elementor-top-column elementor-element elementor-element-7984c0f\" data-id=\"7984c0f\" data-element_type=\"column\" data-e-type=\"column\">\n\t\t\t<div class=\"elementor-widget-wrap elementor-element-populated\">\n\t\t\t\t\t\t<div class=\"elementor-element elementor-element-2c52b17 elementor-align-center elementor-widget elementor-widget-lottie\" data-id=\"2c52b17\" data-element_type=\"widget\" data-e-type=\"widget\" data-settings=\"{&quot;source_json&quot;:{&quot;url&quot;:&quot;https:\\\/\\\/tesler.ee\\\/wp-content\\\/uploads\\\/2023\\\/01\\\/lf30_editor_0bh8tpkp.json&quot;,&quot;id&quot;:1947,&quot;size&quot;:&quot;&quot;,&quot;alt&quot;:&quot;&quot;,&quot;source&quot;:&quot;library&quot;},&quot;source&quot;:&quot;media_file&quot;,&quot;caption_source&quot;:&quot;none&quot;,&quot;link_to&quot;:&quot;none&quot;,&quot;trigger&quot;:&quot;arriving_to_viewport&quot;,&quot;viewport&quot;:{&quot;unit&quot;:&quot;%&quot;,&quot;size&quot;:&quot;&quot;,&quot;sizes&quot;:{&quot;start&quot;:0,&quot;end&quot;:100}},&quot;play_speed&quot;:{&quot;unit&quot;:&quot;px&quot;,&quot;size&quot;:1,&quot;sizes&quot;:[]},&quot;start_point&quot;:{&quot;unit&quot;:&quot;%&quot;,&quot;size&quot;:0,&quot;sizes&quot;:[]},&quot;end_point&quot;:{&quot;unit&quot;:&quot;%&quot;,&quot;size&quot;:100,&quot;sizes&quot;:[]},&quot;renderer&quot;:&quot;svg&quot;}\" data-widget_type=\"lottie.default\">\n\t\t\t\t<div class=\"elementor-widget-container\">\n\t\t\t\t\t<div class=\"e-lottie__container\"><div class=\"e-lottie__animation\"><\/div><\/div>\t\t\t\t<\/div>\n\t\t\t\t<\/div>\n\t\t\t\t<div class=\"elementor-element elementor-element-eb27ed4 elementor-widget elementor-widget-heading\" data-id=\"eb27ed4\" data-element_type=\"widget\" data-e-type=\"widget\" data-widget_type=\"heading.default\">\n\t\t\t\t<div class=\"elementor-widget-container\">\n\t\t\t\t\t<h1 class=\"elementor-heading-title elementor-size-default\">Ostukorv on t\u00fchi<\/h1>\t\t\t\t<\/div>\n\t\t\t\t<\/div>\n\t\t\t\t<section class=\"elementor-section elementor-inner-section elementor-element elementor-element-51d7af9 elementor-section-boxed elementor-section-height-default elementor-section-height-default\" data-id=\"51d7af9\" data-element_type=\"section\" data-e-type=\"section\">\n\t\t\t\t\t\t<div class=\"elementor-container elementor-column-gap-default\">\n\t\t\t\t\t<div class=\"elementor-column elementor-col-50 elementor-inner-column elementor-element elementor-element-25eab65\" data-id=\"25eab65\" data-element_type=\"column\" data-e-type=\"column\">\n\t\t\t<div class=\"elementor-widget-wrap elementor-element-populated\">\n\t\t\t\t\t\t<div class=\"elementor-element elementor-element-16335fc elementor-align-right elementor-mobile-align-center elementor-widget elementor-widget-button\" data-id=\"16335fc\" data-element_type=\"widget\" data-e-type=\"widget\" data-widget_type=\"button.default\">\n\t\t\t\t<div class=\"elementor-widget-container\">\n\t\t\t\t\t\t\t\t\t<div class=\"elementor-button-wrapper\">\n\t\t\t\t\t<a class=\"elementor-button elementor-button-link elementor-size-sm\" href=\"\/tooteleht\/\">\n\t\t\t\t\t\t<span class=\"elementor-button-content-wrapper\">\n\t\t\t\t\t\t\t\t\t<span class=\"elementor-button-text\">Tooted<\/span>\n\t\t\t\t\t<\/span>\n\t\t\t\t\t<\/a>\n\t\t\t\t<\/div>\n\t\t\t\t\t\t\t\t<\/div>\n\t\t\t\t<\/div>\n\t\t\t\t\t<\/div>\n\t\t<\/div>\n\t\t\t\t<div class=\"elementor-column elementor-col-50 elementor-inner-column elementor-element elementor-element-35b0c34\" data-id=\"35b0c34\" data-element_type=\"column\" data-e-type=\"column\">\n\t\t\t<div class=\"elementor-widget-wrap elementor-element-populated\">\n\t\t\t\t\t\t<div class=\"elementor-element elementor-element-11a052b elementor-align-left elementor-mobile-align-center elementor-widget elementor-widget-button\" data-id=\"11a052b\" data-element_type=\"widget\" data-e-type=\"widget\" data-widget_type=\"button.default\">\n\t\t\t\t<div class=\"elementor-widget-container\">\n\t\t\t\t\t\t\t\t\t<div class=\"elementor-button-wrapper\">\n\t\t\t\t\t<a class=\"elementor-button elementor-button-link elementor-size-sm\" href=\"\/\">\n\t\t\t\t\t\t<span class=\"elementor-button-content-wrapper\">\n\t\t\t\t\t\t\t\t\t<span class=\"elementor-button-text\">Avaleht<\/span>\n\t\t\t\t\t<\/span>\n\t\t\t\t\t<\/a>\n\t\t\t\t<\/div>\n\t\t\t\t\t\t\t\t<\/div>\n\t\t\t\t<\/div>\n\t\t\t\t\t<\/div>\n\t\t<\/div>\n\t\t\t\t\t<\/div>\n\t\t<\/section>\n\t\t\t\t\t<\/div>\n\t\t<\/div>\n\t\t\t\t\t<\/div>\n\t\t<\/section>\n\t\t\t\t<\/div>\n\t\t<\/div>\n<\/div>\n","protected":false},"excerpt":{"rendered":"","protected":false},"author":1,"featured_media":0,"parent":0,"menu_order":0,"comment_status":"closed","ping_status":"closed","template":"","meta":{"_acf_changed":false,"inline_featured_image":false,"footnotes":""},"class_list":["post-2951","page","type-page","status-publish","hentry"],"acf":[],"yoast_head":"<!-- This site is optimized with the Yoast SEO plugin v27.4 - https:\/\/yoast.com\/product\/yoast-seo-wordpress\/ -->\n<title>Tesler.ee | T\u00fcnnisaunad ja k\u00fcmblust\u00fcnnid koduhoovi<\/title>\n<meta name=\"robots\" content=\"index, follow, max-snippet:-1, max-image-preview:large, max-video-preview:-1\" \/>\n<link rel=\"canonical\" href=\"https:\/\/tesler.ee\/ru\/korzina-pokupatelya\/\" \/>\n<meta property=\"og:locale\" content=\"ru_RU\" \/>\n<meta property=\"og:type\" content=\"article\" \/>\n<meta property=\"og:title\" content=\"Tesler.ee | T\u00fcnnisaunad ja k\u00fcmblust\u00fcnnid koduhoovi\" \/>\n<meta property=\"og:url\" content=\"https:\/\/tesler.ee\/ru\/korzina-pokupatelya\/\" \/>\n<meta property=\"og:site_name\" content=\"Tesler\" \/>\n<meta property=\"article:publisher\" content=\"https:\/\/www.facebook.com\/people\/Tesler-Grupp\/100054456791911\/\" \/>\n<meta property=\"article:modified_time\" content=\"2023-01-23T10:58:53+00:00\" \/>\n<meta name=\"twitter:card\" content=\"summary_large_image\" \/>\n<script type=\"application\/ld+json\" class=\"yoast-schema-graph\">{\"@context\":\"https:\\\/\\\/schema.org\",\"@graph\":[{\"@type\":\"WebPage\",\"@id\":\"https:\\\/\\\/tesler.ee\\\/ru\\\/korzina-pokupatelya\\\/\",\"url\":\"https:\\\/\\\/tesler.ee\\\/ru\\\/korzina-pokupatelya\\\/\",\"name\":\"Tesler.ee | T\u00fcnnisaunad ja k\u00fcmblust\u00fcnnid koduhoovi\",\"isPartOf\":{\"@id\":\"https:\\\/\\\/tesler.ee\\\/#website\"},\"datePublished\":\"2022-05-10T08:00:57+00:00\",\"dateModified\":\"2023-01-23T10:58:53+00:00\",\"breadcrumb\":{\"@id\":\"https:\\\/\\\/tesler.ee\\\/ru\\\/korzina-pokupatelya\\\/#breadcrumb\"},\"inLanguage\":\"ru-RU\",\"potentialAction\":[{\"@type\":\"ReadAction\",\"target\":[\"https:\\\/\\\/tesler.ee\\\/ru\\\/korzina-pokupatelya\\\/\"]}]},{\"@type\":\"BreadcrumbList\",\"@id\":\"https:\\\/\\\/tesler.ee\\\/ru\\\/korzina-pokupatelya\\\/#breadcrumb\",\"itemListElement\":[{\"@type\":\"ListItem\",\"position\":1,\"name\":\"Home\",\"item\":\"https:\\\/\\\/tesler.ee\\\/ru\\\/glavnaya-stranicza\\\/\"},{\"@type\":\"ListItem\",\"position\":2,\"name\":\"\u041a\u043e\u0440\u0437\u0438\u043d\u0430 \u043f\u043e\u043a\u0443\u043f\u0430\u0442\u0435\u043b\u044f\"}]},{\"@type\":\"WebSite\",\"@id\":\"https:\\\/\\\/tesler.ee\\\/#website\",\"url\":\"https:\\\/\\\/tesler.ee\\\/\",\"name\":\"Tesler.ee\",\"description\":\"Tervislik olemine v&otilde;ib olla l&otilde;&otilde;gastav\",\"potentialAction\":[{\"@type\":\"SearchAction\",\"target\":{\"@type\":\"EntryPoint\",\"urlTemplate\":\"https:\\\/\\\/tesler.ee\\\/?s={search_term_string}\"},\"query-input\":{\"@type\":\"PropertyValueSpecification\",\"valueRequired\":true,\"valueName\":\"search_term_string\"}}],\"inLanguage\":\"ru-RU\"}]}<\/script>\n<!-- \/ Yoast SEO plugin. -->","yoast_head_json":{"title":"Tesler.ee | T\u00fcnnisaunad ja k\u00fcmblust\u00fcnnid koduhoovi","robots":{"index":"index","follow":"follow","max-snippet":"max-snippet:-1","max-image-preview":"max-image-preview:large","max-video-preview":"max-video-preview:-1"},"canonical":"https:\/\/tesler.ee\/ru\/korzina-pokupatelya\/","og_locale":"ru_RU","og_type":"article","og_title":"Tesler.ee | T\u00fcnnisaunad ja k\u00fcmblust\u00fcnnid koduhoovi","og_url":"https:\/\/tesler.ee\/ru\/korzina-pokupatelya\/","og_site_name":"Tesler","article_publisher":"https:\/\/www.facebook.com\/people\/Tesler-Grupp\/100054456791911\/","article_modified_time":"2023-01-23T10:58:53+00:00","twitter_card":"summary_large_image","schema":{"@context":"https:\/\/schema.org","@graph":[{"@type":"WebPage","@id":"https:\/\/tesler.ee\/ru\/korzina-pokupatelya\/","url":"https:\/\/tesler.ee\/ru\/korzina-pokupatelya\/","name":"Tesler.ee | T\u00fcnnisaunad ja k\u00fcmblust\u00fcnnid koduhoovi","isPartOf":{"@id":"https:\/\/tesler.ee\/#website"},"datePublished":"2022-05-10T08:00:57+00:00","dateModified":"2023-01-23T10:58:53+00:00","breadcrumb":{"@id":"https:\/\/tesler.ee\/ru\/korzina-pokupatelya\/#breadcrumb"},"inLanguage":"ru-RU","potentialAction":[{"@type":"ReadAction","target":["https:\/\/tesler.ee\/ru\/korzina-pokupatelya\/"]}]},{"@type":"BreadcrumbList","@id":"https:\/\/tesler.ee\/ru\/korzina-pokupatelya\/#breadcrumb","itemListElement":[{"@type":"ListItem","position":1,"name":"Home","item":"https:\/\/tesler.ee\/ru\/glavnaya-stranicza\/"},{"@type":"ListItem","position":2,"name":"\u041a\u043e\u0440\u0437\u0438\u043d\u0430 \u043f\u043e\u043a\u0443\u043f\u0430\u0442\u0435\u043b\u044f"}]},{"@type":"WebSite","@id":"https:\/\/tesler.ee\/#website","url":"https:\/\/tesler.ee\/","name":"Tesler.ee","description":"Tervislik olemine v&otilde;ib olla l&otilde;&otilde;gastav","potentialAction":[{"@type":"SearchAction","target":{"@type":"EntryPoint","urlTemplate":"https:\/\/tesler.ee\/?s={search_term_string}"},"query-input":{"@type":"PropertyValueSpecification","valueRequired":true,"valueName":"search_term_string"}}],"inLanguage":"ru-RU"}]}},"_links":{"self":[{"href":"https:\/\/tesler.ee\/ru\/wp-json\/wp\/v2\/pages\/2951","targetHints":{"allow":["GET"]}}],"collection":[{"href":"https:\/\/tesler.ee\/ru\/wp-json\/wp\/v2\/pages"}],"about":[{"href":"https:\/\/tesler.ee\/ru\/wp-json\/wp\/v2\/types\/page"}],"author":[{"embeddable":true,"href":"https:\/\/tesler.ee\/ru\/wp-json\/wp\/v2\/users\/1"}],"replies":[{"embeddable":true,"href":"https:\/\/tesler.ee\/ru\/wp-json\/wp\/v2\/comments?post=2951"}],"version-history":[{"count":1,"href":"https:\/\/tesler.ee\/ru\/wp-json\/wp\/v2\/pages\/2951\/revisions"}],"predecessor-version":[{"id":2952,"href":"https:\/\/tesler.ee\/ru\/wp-json\/wp\/v2\/pages\/2951\/revisions\/2952"}],"wp:attachment":[{"href":"https:\/\/tesler.ee\/ru\/wp-json\/wp\/v2\/media?parent=2951"}],"curies":[{"name":"wp","href":"https:\/\/api.w.org\/{rel}","templated":true}]}}