{"id":5652,"date":"2023-06-09T08:32:31","date_gmt":"2023-06-09T08:32:31","guid":{"rendered":"https:\/\/tesler.ee\/toode\/kylpytynnyri-1600l\/"},"modified":"2023-06-09T08:32:31","modified_gmt":"2023-06-09T08:32:31","slug":"kylpytynnyri-1600l","status":"publish","type":"product","link":"https:\/\/tesler.ee\/fi\/toode\/kylpytynnyri-1600l\/","title":{"rendered":"Kylpytynnyri 1600L"},"content":{"rendered":"","protected":false},"excerpt":{"rendered":"<p><b>Mik\u00e4 voisi olla parempaa kuin rentoutua kes\u00e4ll\u00e4 yst\u00e4vien kanssa kylpytynnyriss\u00e4? Valitse itsellesi mieluinen kylpytynnyri t\u00e4st\u00e4!<\/b><\/p>\n[elementor-template id=\"5113\"]\n","protected":false},"featured_media":5147,"template":"","meta":{"_acf_changed":false,"inline_featured_image":false},"product_brand":[],"product_cat":[94],"product_tag":[],"class_list":{"0":"post-5652","1":"product","2":"type-product","3":"status-publish","4":"has-post-thumbnail","6":"product_cat-kylpytynnyri","8":"first","9":"instock","10":"taxable","11":"shipping-taxable","12":"product-type-simple"},"acf":[],"wcpa_form_fields":null,"yoast_head":"<!-- This site is optimized with the Yoast SEO plugin v27.4 - https:\/\/yoast.com\/product\/yoast-seo-wordpress\/ -->\n<title>Kylpytynnyri 1600L - Tesler<\/title>\n<meta name=\"robots\" content=\"index, follow, max-snippet:-1, max-image-preview:large, max-video-preview:-1\" \/>\n<link rel=\"canonical\" href=\"https:\/\/tesler.ee\/fi\/toode\/kylpytynnyri-1600l\/\" \/>\n<meta property=\"og:locale\" content=\"fi_FI\" \/>\n<meta property=\"og:type\" content=\"article\" \/>\n<meta property=\"og:title\" content=\"Kylpytynnyri 1600L - Tesler\" \/>\n<meta property=\"og:description\" content=\"Mik\u00e4 voisi olla parempaa kuin rentoutua kes\u00e4ll\u00e4 yst\u00e4vien kanssa kylpytynnyriss\u00e4? Valitse itsellesi mieluinen kylpytynnyri t\u00e4st\u00e4!\" \/>\n<meta property=\"og:url\" content=\"https:\/\/tesler.ee\/fi\/toode\/kylpytynnyri-1600l\/\" \/>\n<meta property=\"og:site_name\" content=\"Tesler\" \/>\n<meta property=\"article:publisher\" content=\"https:\/\/www.facebook.com\/people\/Tesler-Grupp\/100054456791911\/\" \/>\n<meta property=\"og:image\" content=\"https:\/\/tesler.ee\/wp-content\/uploads\/2023\/06\/1800x2400-kaheksanurkne-1.webp\" \/>\n\t<meta property=\"og:image:width\" content=\"1400\" \/>\n\t<meta property=\"og:image:height\" content=\"1400\" \/>\n\t<meta property=\"og:image:type\" content=\"image\/webp\" \/>\n<meta name=\"twitter:card\" content=\"summary_large_image\" \/>\n<script type=\"application\/ld+json\" class=\"yoast-schema-graph\">{\"@context\":\"https:\\\/\\\/schema.org\",\"@graph\":[{\"@type\":\"WebPage\",\"@id\":\"https:\\\/\\\/tesler.ee\\\/fi\\\/toode\\\/kylpytynnyri-1600l\\\/\",\"url\":\"https:\\\/\\\/tesler.ee\\\/fi\\\/toode\\\/kylpytynnyri-1600l\\\/\",\"name\":\"Kylpytynnyri 1600L - Tesler\",\"isPartOf\":{\"@id\":\"https:\\\/\\\/tesler.ee\\\/#website\"},\"primaryImageOfPage\":{\"@id\":\"https:\\\/\\\/tesler.ee\\\/fi\\\/toode\\\/kylpytynnyri-1600l\\\/#primaryimage\"},\"image\":{\"@id\":\"https:\\\/\\\/tesler.ee\\\/fi\\\/toode\\\/kylpytynnyri-1600l\\\/#primaryimage\"},\"thumbnailUrl\":\"https:\\\/\\\/tesler.ee\\\/wp-content\\\/uploads\\\/2023\\\/06\\\/1800x2400-kaheksanurkne-1.webp\",\"datePublished\":\"2023-06-09T08:32:31+00:00\",\"breadcrumb\":{\"@id\":\"https:\\\/\\\/tesler.ee\\\/fi\\\/toode\\\/kylpytynnyri-1600l\\\/#breadcrumb\"},\"inLanguage\":\"fi\",\"potentialAction\":[{\"@type\":\"ReadAction\",\"target\":[\"https:\\\/\\\/tesler.ee\\\/fi\\\/toode\\\/kylpytynnyri-1600l\\\/\"]}]},{\"@type\":\"ImageObject\",\"inLanguage\":\"fi\",\"@id\":\"https:\\\/\\\/tesler.ee\\\/fi\\\/toode\\\/kylpytynnyri-1600l\\\/#primaryimage\",\"url\":\"https:\\\/\\\/tesler.ee\\\/wp-content\\\/uploads\\\/2023\\\/06\\\/1800x2400-kaheksanurkne-1.webp\",\"contentUrl\":\"https:\\\/\\\/tesler.ee\\\/wp-content\\\/uploads\\\/2023\\\/06\\\/1800x2400-kaheksanurkne-1.webp\",\"width\":1400,\"height\":1400},{\"@type\":\"BreadcrumbList\",\"@id\":\"https:\\\/\\\/tesler.ee\\\/fi\\\/toode\\\/kylpytynnyri-1600l\\\/#breadcrumb\",\"itemListElement\":[{\"@type\":\"ListItem\",\"position\":1,\"name\":\"Home\",\"item\":\"https:\\\/\\\/tesler.ee\\\/fi\\\/etusivu\\\/\"},{\"@type\":\"ListItem\",\"position\":2,\"name\":\"Shop\",\"item\":\"https:\\\/\\\/tesler.ee\\\/fi\\\/shop\\\/\"},{\"@type\":\"ListItem\",\"position\":3,\"name\":\"Kylpytynnyri 1600L\"}]},{\"@type\":\"WebSite\",\"@id\":\"https:\\\/\\\/tesler.ee\\\/#website\",\"url\":\"https:\\\/\\\/tesler.ee\\\/\",\"name\":\"Tesler.ee\",\"description\":\"Tervislik olemine v&otilde;ib olla l&otilde;&otilde;gastav\",\"potentialAction\":[{\"@type\":\"SearchAction\",\"target\":{\"@type\":\"EntryPoint\",\"urlTemplate\":\"https:\\\/\\\/tesler.ee\\\/?s={search_term_string}\"},\"query-input\":{\"@type\":\"PropertyValueSpecification\",\"valueRequired\":true,\"valueName\":\"search_term_string\"}}],\"inLanguage\":\"fi\"}]}<\/script>\n<!-- \/ Yoast SEO plugin. -->","yoast_head_json":{"title":"Kylpytynnyri 1600L - Tesler","robots":{"index":"index","follow":"follow","max-snippet":"max-snippet:-1","max-image-preview":"max-image-preview:large","max-video-preview":"max-video-preview:-1"},"canonical":"https:\/\/tesler.ee\/fi\/toode\/kylpytynnyri-1600l\/","og_locale":"fi_FI","og_type":"article","og_title":"Kylpytynnyri 1600L - Tesler","og_description":"Mik\u00e4 voisi olla parempaa kuin rentoutua kes\u00e4ll\u00e4 yst\u00e4vien kanssa kylpytynnyriss\u00e4? Valitse itsellesi mieluinen kylpytynnyri t\u00e4st\u00e4!","og_url":"https:\/\/tesler.ee\/fi\/toode\/kylpytynnyri-1600l\/","og_site_name":"Tesler","article_publisher":"https:\/\/www.facebook.com\/people\/Tesler-Grupp\/100054456791911\/","og_image":[{"width":1400,"height":1400,"url":"https:\/\/tesler.ee\/wp-content\/uploads\/2023\/06\/1800x2400-kaheksanurkne-1.webp","type":"image\/webp"}],"twitter_card":"summary_large_image","schema":{"@context":"https:\/\/schema.org","@graph":[{"@type":"WebPage","@id":"https:\/\/tesler.ee\/fi\/toode\/kylpytynnyri-1600l\/","url":"https:\/\/tesler.ee\/fi\/toode\/kylpytynnyri-1600l\/","name":"Kylpytynnyri 1600L - Tesler","isPartOf":{"@id":"https:\/\/tesler.ee\/#website"},"primaryImageOfPage":{"@id":"https:\/\/tesler.ee\/fi\/toode\/kylpytynnyri-1600l\/#primaryimage"},"image":{"@id":"https:\/\/tesler.ee\/fi\/toode\/kylpytynnyri-1600l\/#primaryimage"},"thumbnailUrl":"https:\/\/tesler.ee\/wp-content\/uploads\/2023\/06\/1800x2400-kaheksanurkne-1.webp","datePublished":"2023-06-09T08:32:31+00:00","breadcrumb":{"@id":"https:\/\/tesler.ee\/fi\/toode\/kylpytynnyri-1600l\/#breadcrumb"},"inLanguage":"fi","potentialAction":[{"@type":"ReadAction","target":["https:\/\/tesler.ee\/fi\/toode\/kylpytynnyri-1600l\/"]}]},{"@type":"ImageObject","inLanguage":"fi","@id":"https:\/\/tesler.ee\/fi\/toode\/kylpytynnyri-1600l\/#primaryimage","url":"https:\/\/tesler.ee\/wp-content\/uploads\/2023\/06\/1800x2400-kaheksanurkne-1.webp","contentUrl":"https:\/\/tesler.ee\/wp-content\/uploads\/2023\/06\/1800x2400-kaheksanurkne-1.webp","width":1400,"height":1400},{"@type":"BreadcrumbList","@id":"https:\/\/tesler.ee\/fi\/toode\/kylpytynnyri-1600l\/#breadcrumb","itemListElement":[{"@type":"ListItem","position":1,"name":"Home","item":"https:\/\/tesler.ee\/fi\/etusivu\/"},{"@type":"ListItem","position":2,"name":"Shop","item":"https:\/\/tesler.ee\/fi\/shop\/"},{"@type":"ListItem","position":3,"name":"Kylpytynnyri 1600L"}]},{"@type":"WebSite","@id":"https:\/\/tesler.ee\/#website","url":"https:\/\/tesler.ee\/","name":"Tesler.ee","description":"Tervislik olemine v&otilde;ib olla l&otilde;&otilde;gastav","potentialAction":[{"@type":"SearchAction","target":{"@type":"EntryPoint","urlTemplate":"https:\/\/tesler.ee\/?s={search_term_string}"},"query-input":{"@type":"PropertyValueSpecification","valueRequired":true,"valueName":"search_term_string"}}],"inLanguage":"fi"}]}},"_links":{"self":[{"href":"https:\/\/tesler.ee\/fi\/wp-json\/wp\/v2\/product\/5652","targetHints":{"allow":["GET"]}}],"collection":[{"href":"https:\/\/tesler.ee\/fi\/wp-json\/wp\/v2\/product"}],"about":[{"href":"https:\/\/tesler.ee\/fi\/wp-json\/wp\/v2\/types\/product"}],"wp:featuredmedia":[{"embeddable":true,"href":"https:\/\/tesler.ee\/fi\/wp-json\/wp\/v2\/media\/5147"}],"wp:attachment":[{"href":"https:\/\/tesler.ee\/fi\/wp-json\/wp\/v2\/media?parent=5652"}],"wp:term":[{"taxonomy":"product_brand","embeddable":true,"href":"https:\/\/tesler.ee\/fi\/wp-json\/wp\/v2\/product_brand?post=5652"},{"taxonomy":"product_cat","embeddable":true,"href":"https:\/\/tesler.ee\/fi\/wp-json\/wp\/v2\/product_cat?post=5652"},{"taxonomy":"product_tag","embeddable":true,"href":"https:\/\/tesler.ee\/fi\/wp-json\/wp\/v2\/product_tag?post=5652"}],"curies":[{"name":"wp","href":"https:\/\/api.w.org\/{rel}","templated":true}]}}