{"id":3138,"date":"2022-05-02T15:50:14","date_gmt":"2022-05-02T15:50:14","guid":{"rendered":"https:\/\/tesler.ee\/toode\/ovaali-leirintaalue\/"},"modified":"2024-04-29T07:40:42","modified_gmt":"2024-04-29T07:40:42","slug":"soikea-leirinta","status":"publish","type":"product","link":"https:\/\/tesler.ee\/fi\/toode\/soikea-leirinta\/","title":{"rendered":"Soikea leirint\u00e4m\u00f6kki"},"content":{"rendered":"<p><strong>Soikea leirint\u00e4m\u00f6kki<\/strong><\/p>\n<ul>\n<li>Sein\u00e4t on tehty 42 mm puusta<\/li>\n<li>Katon katteena kumibitumilaatta<\/li>\n<li>Ulkoviimeistely on tehty Remmers HK Lasurilla tai Tikkurilan terassi\u00f6ljyll\u00e4<\/li>\n<li>Puinen ulko-ovi on lukittavissa ja ikkunallinen<\/li>\n<li>Tuuletusj\u00e4rjestelm\u00e4 varmistaa raikkaan ilman<\/li>\n<li>Haluttaessa leirint\u00e4m\u00f6kin voi tilata pakettina, ota sit\u00e4 varten meihin yhteytt\u00e4\u00a0<a href=\"https:\/\/tesler.ee\/kontakt\/\">t\u00e4st\u00e4<\/a><\/li>\n<li>Mukana ruostumattomasta metallista valmistetut vanteet ja s\u00e4\u00e4dett\u00e4v\u00e4t haat<\/li>\n<\/ul>\n<p><strong>Leirint\u00e4alue ei vaadi rakennuslupaa<\/strong><\/p>\n","protected":false},"excerpt":{"rendered":"[elementor-template id=\"3918\"]\n","protected":false},"featured_media":2384,"template":"","meta":{"_acf_changed":false,"inline_featured_image":false},"product_brand":[],"product_cat":[56],"product_tag":[],"class_list":{"0":"post-3138","1":"product","2":"type-product","3":"status-publish","4":"has-post-thumbnail","6":"product_cat-leirintamokit","8":"first","9":"instock","10":"taxable","11":"shipping-taxable","12":"product-type-simple"},"acf":[],"wcpa_form_fields":null,"yoast_head":"<!-- This site is optimized with the Yoast SEO plugin v27.4 - https:\/\/yoast.com\/product\/yoast-seo-wordpress\/ -->\n<title>Soikea leirint\u00e4m\u00f6kki - Tesler<\/title>\n<meta name=\"robots\" content=\"index, follow, max-snippet:-1, max-image-preview:large, max-video-preview:-1\" \/>\n<link rel=\"canonical\" href=\"https:\/\/tesler.ee\/fi\/toode\/soikea-leirinta\/\" \/>\n<meta property=\"og:locale\" content=\"fi_FI\" \/>\n<meta property=\"og:type\" content=\"article\" \/>\n<meta property=\"og:title\" content=\"Soikea leirint\u00e4m\u00f6kki - Tesler\" \/>\n<meta property=\"og:url\" content=\"https:\/\/tesler.ee\/fi\/toode\/soikea-leirinta\/\" \/>\n<meta property=\"og:site_name\" content=\"Tesler\" \/>\n<meta property=\"article:publisher\" content=\"https:\/\/www.facebook.com\/people\/Tesler-Grupp\/100054456791911\/\" \/>\n<meta property=\"article:modified_time\" content=\"2024-04-29T07:40:42+00:00\" \/>\n<meta property=\"og:image\" content=\"https:\/\/tesler.ee\/wp-content\/uploads\/2022\/05\/ovaal-24x40-01-1024x660.png\" \/>\n\t<meta property=\"og:image:width\" content=\"1024\" \/>\n\t<meta property=\"og:image:height\" content=\"660\" \/>\n\t<meta property=\"og:image:type\" content=\"image\/png\" \/>\n<meta name=\"twitter:card\" content=\"summary_large_image\" \/>\n<meta name=\"twitter:description\" content=\"[elementor-template id=&quot;3918&quot;]\" \/>\n<script type=\"application\/ld+json\" class=\"yoast-schema-graph\">{\"@context\":\"https:\\\/\\\/schema.org\",\"@graph\":[{\"@type\":\"WebPage\",\"@id\":\"https:\\\/\\\/tesler.ee\\\/fi\\\/toode\\\/soikea-leirinta\\\/\",\"url\":\"https:\\\/\\\/tesler.ee\\\/fi\\\/toode\\\/soikea-leirinta\\\/\",\"name\":\"Soikea leirint\u00e4m\u00f6kki - Tesler\",\"isPartOf\":{\"@id\":\"https:\\\/\\\/tesler.ee\\\/#website\"},\"primaryImageOfPage\":{\"@id\":\"https:\\\/\\\/tesler.ee\\\/fi\\\/toode\\\/soikea-leirinta\\\/#primaryimage\"},\"image\":{\"@id\":\"https:\\\/\\\/tesler.ee\\\/fi\\\/toode\\\/soikea-leirinta\\\/#primaryimage\"},\"thumbnailUrl\":\"https:\\\/\\\/tesler.ee\\\/wp-content\\\/uploads\\\/2022\\\/05\\\/ovaal-24x40-01.png\",\"datePublished\":\"2022-05-02T15:50:14+00:00\",\"dateModified\":\"2024-04-29T07:40:42+00:00\",\"breadcrumb\":{\"@id\":\"https:\\\/\\\/tesler.ee\\\/fi\\\/toode\\\/soikea-leirinta\\\/#breadcrumb\"},\"inLanguage\":\"fi\",\"potentialAction\":[{\"@type\":\"ReadAction\",\"target\":[\"https:\\\/\\\/tesler.ee\\\/fi\\\/toode\\\/soikea-leirinta\\\/\"]}]},{\"@type\":\"ImageObject\",\"inLanguage\":\"fi\",\"@id\":\"https:\\\/\\\/tesler.ee\\\/fi\\\/toode\\\/soikea-leirinta\\\/#primaryimage\",\"url\":\"https:\\\/\\\/tesler.ee\\\/wp-content\\\/uploads\\\/2022\\\/05\\\/ovaal-24x40-01.png\",\"contentUrl\":\"https:\\\/\\\/tesler.ee\\\/wp-content\\\/uploads\\\/2022\\\/05\\\/ovaal-24x40-01.png\",\"width\":2000,\"height\":1290},{\"@type\":\"BreadcrumbList\",\"@id\":\"https:\\\/\\\/tesler.ee\\\/fi\\\/toode\\\/soikea-leirinta\\\/#breadcrumb\",\"itemListElement\":[{\"@type\":\"ListItem\",\"position\":1,\"name\":\"Home\",\"item\":\"https:\\\/\\\/tesler.ee\\\/fi\\\/etusivu\\\/\"},{\"@type\":\"ListItem\",\"position\":2,\"name\":\"Shop\",\"item\":\"https:\\\/\\\/tesler.ee\\\/fi\\\/shop\\\/\"},{\"@type\":\"ListItem\",\"position\":3,\"name\":\"Soikea leirint\u00e4m\u00f6kki\"}]},{\"@type\":\"WebSite\",\"@id\":\"https:\\\/\\\/tesler.ee\\\/#website\",\"url\":\"https:\\\/\\\/tesler.ee\\\/\",\"name\":\"Tesler.ee\",\"description\":\"Tervislik olemine v&otilde;ib olla l&otilde;&otilde;gastav\",\"potentialAction\":[{\"@type\":\"SearchAction\",\"target\":{\"@type\":\"EntryPoint\",\"urlTemplate\":\"https:\\\/\\\/tesler.ee\\\/?s={search_term_string}\"},\"query-input\":{\"@type\":\"PropertyValueSpecification\",\"valueRequired\":true,\"valueName\":\"search_term_string\"}}],\"inLanguage\":\"fi\"}]}<\/script>\n<!-- \/ Yoast SEO plugin. -->","yoast_head_json":{"title":"Soikea leirint\u00e4m\u00f6kki - Tesler","robots":{"index":"index","follow":"follow","max-snippet":"max-snippet:-1","max-image-preview":"max-image-preview:large","max-video-preview":"max-video-preview:-1"},"canonical":"https:\/\/tesler.ee\/fi\/toode\/soikea-leirinta\/","og_locale":"fi_FI","og_type":"article","og_title":"Soikea leirint\u00e4m\u00f6kki - Tesler","og_url":"https:\/\/tesler.ee\/fi\/toode\/soikea-leirinta\/","og_site_name":"Tesler","article_publisher":"https:\/\/www.facebook.com\/people\/Tesler-Grupp\/100054456791911\/","article_modified_time":"2024-04-29T07:40:42+00:00","og_image":[{"width":1024,"height":660,"url":"https:\/\/tesler.ee\/wp-content\/uploads\/2022\/05\/ovaal-24x40-01-1024x660.png","type":"image\/png"}],"twitter_card":"summary_large_image","twitter_description":"[elementor-template id=\"3918\"]","schema":{"@context":"https:\/\/schema.org","@graph":[{"@type":"WebPage","@id":"https:\/\/tesler.ee\/fi\/toode\/soikea-leirinta\/","url":"https:\/\/tesler.ee\/fi\/toode\/soikea-leirinta\/","name":"Soikea leirint\u00e4m\u00f6kki - Tesler","isPartOf":{"@id":"https:\/\/tesler.ee\/#website"},"primaryImageOfPage":{"@id":"https:\/\/tesler.ee\/fi\/toode\/soikea-leirinta\/#primaryimage"},"image":{"@id":"https:\/\/tesler.ee\/fi\/toode\/soikea-leirinta\/#primaryimage"},"thumbnailUrl":"https:\/\/tesler.ee\/wp-content\/uploads\/2022\/05\/ovaal-24x40-01.png","datePublished":"2022-05-02T15:50:14+00:00","dateModified":"2024-04-29T07:40:42+00:00","breadcrumb":{"@id":"https:\/\/tesler.ee\/fi\/toode\/soikea-leirinta\/#breadcrumb"},"inLanguage":"fi","potentialAction":[{"@type":"ReadAction","target":["https:\/\/tesler.ee\/fi\/toode\/soikea-leirinta\/"]}]},{"@type":"ImageObject","inLanguage":"fi","@id":"https:\/\/tesler.ee\/fi\/toode\/soikea-leirinta\/#primaryimage","url":"https:\/\/tesler.ee\/wp-content\/uploads\/2022\/05\/ovaal-24x40-01.png","contentUrl":"https:\/\/tesler.ee\/wp-content\/uploads\/2022\/05\/ovaal-24x40-01.png","width":2000,"height":1290},{"@type":"BreadcrumbList","@id":"https:\/\/tesler.ee\/fi\/toode\/soikea-leirinta\/#breadcrumb","itemListElement":[{"@type":"ListItem","position":1,"name":"Home","item":"https:\/\/tesler.ee\/fi\/etusivu\/"},{"@type":"ListItem","position":2,"name":"Shop","item":"https:\/\/tesler.ee\/fi\/shop\/"},{"@type":"ListItem","position":3,"name":"Soikea leirint\u00e4m\u00f6kki"}]},{"@type":"WebSite","@id":"https:\/\/tesler.ee\/#website","url":"https:\/\/tesler.ee\/","name":"Tesler.ee","description":"Tervislik olemine v&otilde;ib olla l&otilde;&otilde;gastav","potentialAction":[{"@type":"SearchAction","target":{"@type":"EntryPoint","urlTemplate":"https:\/\/tesler.ee\/?s={search_term_string}"},"query-input":{"@type":"PropertyValueSpecification","valueRequired":true,"valueName":"search_term_string"}}],"inLanguage":"fi"}]}},"_links":{"self":[{"href":"https:\/\/tesler.ee\/fi\/wp-json\/wp\/v2\/product\/3138","targetHints":{"allow":["GET"]}}],"collection":[{"href":"https:\/\/tesler.ee\/fi\/wp-json\/wp\/v2\/product"}],"about":[{"href":"https:\/\/tesler.ee\/fi\/wp-json\/wp\/v2\/types\/product"}],"wp:featuredmedia":[{"embeddable":true,"href":"https:\/\/tesler.ee\/fi\/wp-json\/wp\/v2\/media\/2384"}],"wp:attachment":[{"href":"https:\/\/tesler.ee\/fi\/wp-json\/wp\/v2\/media?parent=3138"}],"wp:term":[{"taxonomy":"product_brand","embeddable":true,"href":"https:\/\/tesler.ee\/fi\/wp-json\/wp\/v2\/product_brand?post=3138"},{"taxonomy":"product_cat","embeddable":true,"href":"https:\/\/tesler.ee\/fi\/wp-json\/wp\/v2\/product_cat?post=3138"},{"taxonomy":"product_tag","embeddable":true,"href":"https:\/\/tesler.ee\/fi\/wp-json\/wp\/v2\/product_tag?post=3138"}],"curies":[{"name":"wp","href":"https:\/\/api.w.org\/{rel}","templated":true}]}}