{"id":3128,"date":"2022-06-01T16:00:32","date_gmt":"2022-06-01T16:00:32","guid":{"rendered":"https:\/\/tesler.ee\/toode\/mukava-pieni-sauna-2-6m\/"},"modified":"2024-04-29T07:42:12","modified_gmt":"2024-04-29T07:42:12","slug":"iglusauna-2-7m","status":"publish","type":"product","link":"https:\/\/tesler.ee\/fi\/toode\/iglusauna-2-7m\/","title":{"rendered":"Mukava pieni iglusauna (2,7 m)"},"content":{"rendered":"<p><b>Mukava pieni iglusauna (2,7 m) <\/b><b><\/b><\/p>\n<ul>\n<li>Sein\u00e4t on tehty 40 mm kuusesta<\/li>\n<li>Katon katteena on Icopal Plano -kattolaatta<\/li>\n<li>Ulkoviimeistely on tehty Remmers HK Lasurilla tai Tikkurilan terassi\u00f6ljyll\u00e4<\/li>\n<li>Puinen ulko-ovi on lukittavissa ja ikkunallinen<\/li>\n<li>L\u00f6ylyt takaa joko puukiuas tai s\u00e4hk\u00f6kiuas<\/li>\n<li>Tuuletusj\u00e4rjestelm\u00e4 varmistaa raikkaan ilman<\/li>\n<li>Vesis\u00e4ili\u00f6n tilavuus tilaajan toivomuksesta joko 30 tai 40 litraa<\/li>\n<li>L\u00f6ylytilan lauteet ja penkit ovat lepp\u00e4\u00e4<\/li>\n<li>L\u00f6ylytilassa on lattiaritil\u00e4t<\/li>\n<li>Haluttaessa saunan voi tilata pakettina, ota sit\u00e4 varten meihin yhteytt\u00e4 t\u00e4st\u00e4<\/li>\n<\/ul>\n<p><strong>Saunat eiv\u00e4t vaadi rakennuslupaa<\/strong><\/p>\n","protected":false},"excerpt":{"rendered":"<p><b>Jos sinulla on jo tynnyrisauna yhdess\u00e4 kerroksessa ja soikea sauna toisessa kerroksessa, valitse yleissauna. Olet siis kuin naapurisi &#8211; omaper\u00e4inen ihminen.<\/b><\/p>\n","protected":false},"featured_media":2468,"template":"","meta":{"_acf_changed":false,"inline_featured_image":false},"product_brand":[],"product_cat":[67],"product_tag":[],"class_list":{"0":"post-3128","1":"product","2":"type-product","3":"status-publish","4":"has-post-thumbnail","6":"product_cat-iglusaunat","7":"wcpa_has_options","9":"first","10":"instock","11":"taxable","12":"shipping-taxable","13":"purchasable","14":"product-type-variable"},"acf":[],"wcpa_form_fields":{"rules":{"pric_overide_base_price":false,"pric_overide_base_price_if_gt_zero":false,"pric_overide_base_price_fully":false,"pric_cal_option_once":false,"pric_use_as_fee":false,"bind_quantity":false,"quantity_bind_formula":false},"fields":[{"type":"image-group","required":true,"label":"Ovet","elementId":"wcpa-image-group-1674736351880","description":"Kuuluu pakettiin","inline":true,"priceOptions":"different_for_all","pricingType":"fixed","enable_popup":"no","name":"image-group-1674736351878","hideImageIn_cart":true,"hideImageIn_order":true,"hideFieldIn_cart":true,"disp_type":"square","img_selection_type":"shadow","other_text":"Other","cl_rule":"show","col":6,"values":[{"label":"Puolilasinen puuovi lukittava","price":"","image":"https:\/\/tesler.ee\/wp-content\/uploads\/2022\/10\/pod-uks-V1.webp","image_id":"4010","thumb":"https:\/\/tesler.ee\/wp-content\/uploads\/2022\/10\/pod-uks-V1-150x150.webp"},{"label":"Puolisalinen puuovi lukittava ilman karmia","price":"","image":"https:\/\/tesler.ee\/wp-content\/uploads\/2022\/10\/pod-uks-V3.webp","image_id":"4020","thumb":"https:\/\/tesler.ee\/wp-content\/uploads\/2022\/10\/pod-uks-V3-150x150.webp"},{"label":"T\u00e4yslasi lukittava","price":"","image":"https:\/\/tesler.ee\/wp-content\/uploads\/2022\/10\/pod-uks-V2.webp","image_id":"4015","thumb":"https:\/\/tesler.ee\/wp-content\/uploads\/2022\/10\/pod-uks-V2-150x150.webp"},{"label":"Lasiovi","price":"","image":"https:\/\/tesler.ee\/wp-content\/uploads\/2022\/10\/pod-uks-V4.webp","image_id":"4337","thumb":"https:\/\/tesler.ee\/wp-content\/uploads\/2022\/10\/pod-uks-V4_1-150x150.webp"}],"relations":false,"form_id":3484,"form_rules":{"pric_cal_option_once":false,"exclude_from_discount":false,"pric_use_as_fee":false,"fee_label":"Maksud","render_after_acb":false,"disp_hide_options_price":false}},{"type":"image-group","label":"Ikkunat","elementId":"wcpa-image-group-1666001402899","inline":true,"enablePrice":true,"priceOptions":"different_for_all","pricingType":"fixed","enable_popup":"no","name":"image-group-1666001402899","hideImageIn_cart":true,"hideImageIn_order":true,"hideFieldIn_cart":true,"disp_type":"square","img_selection_type":"shadow","other_text":"Other","cl_rule":"show","col":6,"values":[{"label":"T\u00e4yskaari-ikkuna","price":"800","image":"https:\/\/tesler.ee\/wp-content\/uploads\/2022\/10\/Pod-taissein.webp","image_id":"4000","thumb":"https:\/\/tesler.ee\/wp-content\/uploads\/2022\/10\/Pod-taissein-150x150.webp"},{"label":"Puolikaari-ikkuna","price":"400","image":"https:\/\/tesler.ee\/wp-content\/uploads\/2022\/10\/Pod-poolkaar-aken.webp","image_id":"4005","thumb":"https:\/\/tesler.ee\/wp-content\/uploads\/2022\/10\/Pod-poolkaar-aken-150x150.webp"},{"label":"400x400mm avattava","price":"75","image":"https:\/\/tesler.ee\/wp-content\/uploads\/2022\/10\/Pod-aknaga-40x40-cm.webp","image_id":"3990","thumb":"https:\/\/tesler.ee\/wp-content\/uploads\/2022\/10\/Pod-aknaga-40x40-cm-150x150.webp"},{"label":"400x400mm suljettu","price":"110","image":"https:\/\/tesler.ee\/wp-content\/uploads\/2022\/10\/Pod-aknaga-D40_cm.webp","image_id":"4132","thumb":"https:\/\/tesler.ee\/wp-content\/uploads\/2022\/10\/Pod-aknaga-D40_cm-150x150.webp"},{"label":"350x750 mm suljettu ikkuna","price":"110","image":"https:\/\/tesler.ee\/wp-content\/uploads\/2022\/10\/Pod-aknaga-30x70-cm.webp","image_id":"3995","thumb":"https:\/\/tesler.ee\/wp-content\/uploads\/2022\/10\/Pod-aknaga-30x70-cm-150x150.webp"},{"label":"350x750 mm avattava ikkuna","price":"130","image":"https:\/\/tesler.ee\/wp-content\/uploads\/2022\/10\/Pod-aknaga-30x70-cm.webp","image_id":"3995","thumb":"https:\/\/tesler.ee\/wp-content\/uploads\/2022\/10\/Pod-aknaga-30x70-cm-150x150.webp"}],"relations":false,"price":0,"form_id":3484,"form_rules":{"pric_cal_option_once":false,"exclude_from_discount":false,"pric_use_as_fee":false,"fee_label":"Maksud","render_after_acb":false,"disp_hide_options_price":false}},{"type":"image-group","label":"Kiukaat","elementId":"wcpa-image-group-1666001403427","inline":true,"enablePrice":true,"priceOptions":"different_for_all","pricingType":"fixed","disp_size_img":"150","enable_popup":"no","name":"image-group-1666001403427","hideImageIn_cart":true,"hideImageIn_order":true,"hideFieldIn_cart":true,"disp_type":"square","img_selection_type":"shadow","other_text":"Other","cl_rule":"show","col":6,"values":[{"label":"Harvia M2 ja M3 + savupiippupaketti","price":"750","image":"https:\/\/tesler.ee\/wp-content\/uploads\/2023\/01\/b9f00fa7bf1a52d89b2c34e87ed86ba2.webp","image_id":"4522","thumb":"https:\/\/tesler.ee\/wp-content\/uploads\/2023\/02\/Havia-M3-150x150.webp"},{"label":"Huum heat 12 savupiipun kera","price":"1490","image":"https:\/\/tesler.ee\/wp-content\/uploads\/2023\/01\/Huum_keris.webp","image_id":"3609","thumb":"https:\/\/tesler.ee\/wp-content\/uploads\/2022\/10\/Huum-Heat-12-1-150x150.webp"},{"label":"Stoveman 13 sarja","price":"990","image":"https:\/\/tesler.ee\/wp-content\/uploads\/2023\/01\/stoveman_heavy_24.webp","image_id":"4527","thumb":"https:\/\/tesler.ee\/wp-content\/uploads\/2023\/02\/Cozy12-150x150.webp"},{"label":"Harvia Cilindro PC90 (s\u00e4hk\u00f6kiuas)","price":"390","image":"https:\/\/tesler.ee\/wp-content\/uploads\/2023\/01\/Cilindro_harvia.webp","image_id":"1707","thumb":"https:\/\/tesler.ee\/wp-content\/uploads\/2023\/01\/Cilindro_harvia-150x150.webp"}],"relations":false,"price":0,"form_id":3484,"form_rules":{"pric_cal_option_once":false,"exclude_from_discount":false,"pric_use_as_fee":false,"fee_label":"Maksud","render_after_acb":false,"disp_hide_options_price":false}},{"type":"image-group","label":"Katajasein\u00e4","elementId":"wcpa-image-group-1666001403874","inline":true,"enablePrice":true,"priceOptions":"different_for_all","pricingType":"fixed","enable_popup":"no","name":"image-group-1666001403874","hideImageIn_cart":true,"hideImageIn_order":true,"hideFieldIn_cart":true,"disp_type":"square","img_selection_type":"shadow","other_text":"Other","cl_rule":"show","col":6,"values":[{"label":"Puolikaaren katajasein\u00e4","price":"290","image":"https:\/\/tesler.ee\/wp-content\/uploads\/2022\/10\/IMG-20220926-WA0000.webp","image_id":"3734","thumb":"https:\/\/tesler.ee\/wp-content\/uploads\/2022\/10\/IMG-20220926-WA0000-150x150.webp"},{"label":"T\u00e4yskeh\u00e4 katajasein\u00e4","price":"580","image":"https:\/\/tesler.ee\/wp-content\/uploads\/2022\/10\/20220412_143459.webp","image_id":"3464","thumb":"https:\/\/tesler.ee\/wp-content\/uploads\/2022\/10\/20220412_143459-150x150.webp"}],"relations":false,"price":0,"form_id":3484,"form_rules":{"pric_cal_option_once":false,"exclude_from_discount":false,"pric_use_as_fee":false,"fee_label":"Maksud","render_after_acb":false,"disp_hide_options_price":false}},{"type":"image-group","label":"LED-valaistus","elementId":"wcpa-image-group-1666001404255","inline":true,"enablePrice":true,"priceOptions":"different_for_all","pricingType":"fixed","enable_popup":"no","multiple":true,"name":"image-group-1666001404255","hideImageIn_cart":true,"hideImageIn_order":true,"hideFieldIn_cart":true,"disp_type":"square","img_selection_type":"shadow","other_text":"Other","cl_rule":"show","col":6,"values":[{"label":"LED-nauha l\u00f6ylytilassa","price":"190","image":"https:\/\/tesler.ee\/wp-content\/uploads\/2022\/10\/20220412_211108.webp","image_id":"3739","thumb":"https:\/\/tesler.ee\/wp-content\/uploads\/2022\/10\/20220412_211108-150x150.webp"},{"label":"LED-valaisin","price":"120","image":"https:\/\/tesler.ee\/wp-content\/uploads\/2023\/02\/ledvalgusti-1.webp","image_id":"4843","thumb":"https:\/\/tesler.ee\/wp-content\/uploads\/2023\/02\/ledvalgusti-1-150x150.webp"}],"relations":false,"price":0,"form_id":3484,"form_rules":{"pric_cal_option_once":false,"exclude_from_discount":false,"pric_use_as_fee":false,"fee_label":"Maksud","render_after_acb":false,"disp_hide_options_price":false}},{"type":"image-group","label":"Vesis\u00e4ili\u00f6","elementId":"wcpa-image-group-1666002507484","inline":true,"enablePrice":true,"priceOptions":"different_for_all","pricingType":"fixed","enable_popup":"no","name":"image-group-1666002507484","hideImageIn_cart":true,"hideImageIn_order":true,"hideFieldIn_cart":true,"disp_type":"square","img_selection_type":"shadow","other_text":"Other","cl_rule":"show","col":6,"values":[{"label":"Vesis\u00e4ili\u00f6 30L","price":"120","image":"https:\/\/tesler.ee\/wp-content\/uploads\/2022\/10\/veepaak.webp","image_id":"3619","thumb":"https:\/\/tesler.ee\/wp-content\/uploads\/2022\/10\/veepaak-150x150.webp"},{"label":"Vesis\u00e4ili\u00f6 40L","price":"140","image":"https:\/\/tesler.ee\/wp-content\/uploads\/2022\/10\/veepaak.webp","image_id":"3619","thumb":"https:\/\/tesler.ee\/wp-content\/uploads\/2022\/10\/veepaak-150x150.webp"}],"relations":false,"price":0,"form_id":3484,"form_rules":{"pric_cal_option_once":false,"exclude_from_discount":false,"pric_use_as_fee":false,"fee_label":"Maksud","render_after_acb":false,"disp_hide_options_price":false}},{"type":"image-group","required":true,"label":"Katon kate \/ v\u00e4ri","elementId":"wcpa-image-group-1666001404950","description":"Kuuluu pakettiin","inline":true,"priceOptions":"different_for_all","pricingType":"fixed","enable_popup":"no","name":"image-group-1666001404950","hideImageIn_cart":true,"hideImageIn_order":true,"hideFieldIn_cart":true,"disp_type":"square","img_selection_type":"shadow","other_text":"Other","cl_rule":"show","col":6,"values":[{"label":"Musta","price":"","image":"https:\/\/tesler.ee\/wp-content\/uploads\/2022\/10\/Screenshot-2022-10-06-114108.png","image_id":"1597","thumb":"https:\/\/tesler.ee\/wp-content\/uploads\/2022\/10\/Screenshot-2022-10-06-114108-150x150.png"},{"label":"Tema ruskea","price":"","image":"https:\/\/tesler.ee\/wp-content\/uploads\/2022\/10\/Screenshot-2022-10-06-114344.png","image_id":"1600","thumb":"https:\/\/tesler.ee\/wp-content\/uploads\/2022\/10\/Screenshot-2022-10-06-114344-150x150.png"},{"label":"Tema punainen","price":"","image":"https:\/\/tesler.ee\/wp-content\/uploads\/2022\/10\/Screenshot-2022-10-06-114303.png","image_id":"1599","thumb":"https:\/\/tesler.ee\/wp-content\/uploads\/2022\/10\/Screenshot-2022-10-06-114303-150x150.png"},{"label":"Tema vihre\u00e4ns\u00e4","price":"","image":"https:\/\/tesler.ee\/wp-content\/uploads\/2022\/10\/Screenshot-2022-10-06-114421.png","image_id":"1601","thumb":"https:\/\/tesler.ee\/wp-content\/uploads\/2022\/10\/Screenshot-2022-10-06-114421-150x150.png"},{"label":"Tiilenpunainen","price":"","image":"https:\/\/tesler.ee\/wp-content\/uploads\/2022\/10\/082651_E1_ae61-e1675254690324.webp","image_id":"4601","thumb":"https:\/\/tesler.ee\/wp-content\/uploads\/2023\/02\/Icopal_tellisepunane_1-150x150.jpg"},{"label":"Harmaa","price":"","image":"https:\/\/tesler.ee\/wp-content\/uploads\/2022\/10\/Hexagonal-grey.jpg","image_id":"3949","thumb":"https:\/\/tesler.ee\/wp-content\/uploads\/2022\/10\/Screenshot_2023-02-10_at_14.00.15-150x150.jpg"},{"label":"Vihre\u00e4","price":"","image":"https:\/\/tesler.ee\/wp-content\/uploads\/2023\/02\/Icopal_roheline_1.jpg","image_id":"4596","thumb":"https:\/\/tesler.ee\/wp-content\/uploads\/2023\/02\/Icopal_roheline_1-150x150.jpg"},{"label":"Ruskea","price":"","image":"https:\/\/tesler.ee\/wp-content\/uploads\/2023\/02\/Icopal_pruun_1.jpg","image_id":"4591","thumb":"https:\/\/tesler.ee\/wp-content\/uploads\/2023\/02\/Icopal_pruun_1-150x150.jpg"}],"relations":false,"form_id":3484,"form_rules":{"pric_cal_option_once":false,"exclude_from_discount":false,"pric_use_as_fee":false,"fee_label":"Maksud","render_after_acb":false,"disp_hide_options_price":false}},{"type":"image-group","required":true,"label":"Ulkoviimeistelyn v\u00e4ri","elementId":"wcpa-image-group-1666001404619","description":"Kuuluu pakettiin","inline":true,"priceOptions":"different_for_all","pricingType":"fixed","enable_popup":"no","name":"image-group-1666001404619","hideImageIn_cart":true,"hideImageIn_order":true,"hideFieldIn_cart":true,"disp_type":"square","img_selection_type":"shadow","other_text":"Other","cl_rule":"show","col":6,"values":[{"label":"Pinie RC 260","price":"","image":"https:\/\/tesler.ee\/wp-content\/uploads\/2022\/10\/pinie-700x366-1.webp","image_id":"1582","thumb":"https:\/\/tesler.ee\/wp-content\/uploads\/2022\/10\/pinie-700x366-1-150x150.webp"},{"label":"Teak RC 545","price":"","image":"https:\/\/tesler.ee\/wp-content\/uploads\/2022\/10\/262_89-e1677503876428.webp","image_id":"3420","thumb":"https:\/\/tesler.ee\/wp-content\/uploads\/2022\/10\/262_89-e1677503876428-150x150.webp"},{"label":"Kastanie RC 555","price":"","image":"https:\/\/tesler.ee\/wp-content\/uploads\/2022\/10\/kastanie-700x368-1.webp","image_id":"1584","thumb":"https:\/\/tesler.ee\/wp-content\/uploads\/2022\/10\/kastanie-700x368-1-150x150.webp"},{"label":"Tannengr\u00fcn RC 960","price":"","image":"https:\/\/tesler.ee\/wp-content\/uploads\/2022\/10\/tannengru\u0308n-700x360-1.webp","image_id":"1585","thumb":"https:\/\/tesler.ee\/wp-content\/uploads\/2022\/10\/tannengru\u0308n-700x360-1-150x150.webp"},{"label":"Mahagoni RC 565","price":"","image":"https:\/\/tesler.ee\/wp-content\/uploads\/2022\/10\/mahagoni-700x362-1.webp","image_id":"1586","thumb":"https:\/\/tesler.ee\/wp-content\/uploads\/2022\/10\/mahagoni-700x362-1-150x150.webp"},{"label":"Palisander RC 720","price":"","image":"https:\/\/tesler.ee\/wp-content\/uploads\/2022\/10\/palisander-700x363-1.webp","image_id":"1587","thumb":"https:\/\/tesler.ee\/wp-content\/uploads\/2022\/10\/palisander-700x363-1-150x150.webp"},{"label":"Silbergrau RC 970","price":"","image":"https:\/\/tesler.ee\/wp-content\/uploads\/2022\/10\/silbergrau-700x281-1.webp","image_id":"1588","thumb":"https:\/\/tesler.ee\/wp-content\/uploads\/2022\/10\/silbergrau-700x281-1-150x150.webp"},{"label":"Nussbaum RC 660","price":"","image":"https:\/\/tesler.ee\/wp-content\/uploads\/2022\/10\/nussbaum-700x366-1.webp","image_id":"1589","thumb":"https:\/\/tesler.ee\/wp-content\/uploads\/2022\/10\/nussbaum-700x366-1-150x150.webp"},{"label":"Kiefer RC 270","price":"","image":"https:\/\/tesler.ee\/wp-content\/uploads\/2022\/10\/kiefer-700x364-1.webp","image_id":"1590","thumb":"https:\/\/tesler.ee\/wp-content\/uploads\/2022\/10\/kiefer-700x364-1-150x150.webp"},{"label":"Eiche rustikal RC 360","price":"","image":"https:\/\/tesler.ee\/wp-content\/uploads\/2022\/10\/eiche-rustikal-700x363-1.webp","image_id":"1591","thumb":"https:\/\/tesler.ee\/wp-content\/uploads\/2022\/10\/eiche-rustikal-700x363-1-150x150.webp"},{"label":"Eiche hell RC 365","price":"","image":"https:\/\/tesler.ee\/wp-content\/uploads\/2022\/10\/eiche-hell-700x358-1.webp","image_id":"1592","thumb":"https:\/\/tesler.ee\/wp-content\/uploads\/2022\/10\/eiche-hell-700x358-1-150x150.webp"},{"label":"Hemlock RC 120","price":"","image":"https:\/\/tesler.ee\/wp-content\/uploads\/2022\/10\/hemlock-700x361-1.webp","image_id":"1593","thumb":"https:\/\/tesler.ee\/wp-content\/uploads\/2022\/10\/hemlock-700x361-1-150x150.webp"},{"label":"Weiss RC 990","price":"","image":"https:\/\/tesler.ee\/wp-content\/uploads\/2022\/10\/weiss-700x364-1.webp","image_id":"1594","thumb":"https:\/\/tesler.ee\/wp-content\/uploads\/2022\/10\/weiss-700x364-1-150x150.webp"},{"label":"Ebenholz RC 790","price":"","image":"https:\/\/tesler.ee\/wp-content\/uploads\/2022\/10\/ebenholz-700x368-1.webp","image_id":"1595","thumb":"https:\/\/tesler.ee\/wp-content\/uploads\/2022\/10\/ebenholz-700x368-1-150x150.webp"},{"label":"Salzgr\u00fcn RC 965","price":"","image":"https:\/\/tesler.ee\/wp-content\/uploads\/2022\/10\/salzgru\u0308n-700x365-1.webp","image_id":"1596","thumb":"https:\/\/tesler.ee\/wp-content\/uploads\/2022\/10\/salzgru\u0308n-700x365-1-150x150.webp"}],"relations":false,"form_id":3484,"form_rules":{"pric_cal_option_once":false,"exclude_from_discount":false,"pric_use_as_fee":false,"fee_label":"Maksud","render_after_acb":false,"disp_hide_options_price":false}}]},"yoast_head":"<!-- This site is optimized with the Yoast SEO plugin v27.4 - https:\/\/yoast.com\/product\/yoast-seo-wordpress\/ -->\n<title>Mukava pieni iglusauna (2,7 m) - Tesler<\/title>\n<meta name=\"robots\" content=\"index, follow, max-snippet:-1, max-image-preview:large, max-video-preview:-1\" \/>\n<link rel=\"canonical\" href=\"https:\/\/tesler.ee\/fi\/toode\/iglusauna-2-7m\/\" \/>\n<meta property=\"og:locale\" content=\"fi_FI\" \/>\n<meta property=\"og:type\" content=\"article\" \/>\n<meta property=\"og:title\" content=\"Mukava pieni iglusauna (2,7 m) - Tesler\" \/>\n<meta property=\"og:description\" content=\"Jos sinulla on jo tynnyrisauna yhdess\u00e4 kerroksessa ja soikea sauna toisessa kerroksessa, valitse yleissauna. Olet siis kuin naapurisi - omaper\u00e4inen ihminen.\" \/>\n<meta property=\"og:url\" content=\"https:\/\/tesler.ee\/fi\/toode\/iglusauna-2-7m\/\" \/>\n<meta property=\"og:site_name\" content=\"Tesler\" \/>\n<meta property=\"article:publisher\" content=\"https:\/\/www.facebook.com\/people\/Tesler-Grupp\/100054456791911\/\" \/>\n<meta property=\"article:modified_time\" content=\"2024-04-29T07:42:12+00:00\" \/>\n<meta property=\"og:image\" content=\"https:\/\/tesler.ee\/wp-content\/uploads\/2022\/06\/26-pood-sauna-1-1024x660.png\" \/>\n\t<meta property=\"og:image:width\" content=\"1024\" \/>\n\t<meta property=\"og:image:height\" content=\"660\" \/>\n\t<meta property=\"og:image:type\" content=\"image\/png\" \/>\n<meta name=\"twitter:card\" content=\"summary_large_image\" \/>\n<script type=\"application\/ld+json\" class=\"yoast-schema-graph\">{\"@context\":\"https:\\\/\\\/schema.org\",\"@graph\":[{\"@type\":\"WebPage\",\"@id\":\"https:\\\/\\\/tesler.ee\\\/fi\\\/toode\\\/iglusauna-2-7m\\\/\",\"url\":\"https:\\\/\\\/tesler.ee\\\/fi\\\/toode\\\/iglusauna-2-7m\\\/\",\"name\":\"Mukava pieni iglusauna (2,7 m) - Tesler\",\"isPartOf\":{\"@id\":\"https:\\\/\\\/tesler.ee\\\/#website\"},\"primaryImageOfPage\":{\"@id\":\"https:\\\/\\\/tesler.ee\\\/fi\\\/toode\\\/iglusauna-2-7m\\\/#primaryimage\"},\"image\":{\"@id\":\"https:\\\/\\\/tesler.ee\\\/fi\\\/toode\\\/iglusauna-2-7m\\\/#primaryimage\"},\"thumbnailUrl\":\"https:\\\/\\\/tesler.ee\\\/wp-content\\\/uploads\\\/2022\\\/06\\\/26-pood-sauna-1.png\",\"datePublished\":\"2022-06-01T16:00:32+00:00\",\"dateModified\":\"2024-04-29T07:42:12+00:00\",\"breadcrumb\":{\"@id\":\"https:\\\/\\\/tesler.ee\\\/fi\\\/toode\\\/iglusauna-2-7m\\\/#breadcrumb\"},\"inLanguage\":\"fi\",\"potentialAction\":[{\"@type\":\"ReadAction\",\"target\":[\"https:\\\/\\\/tesler.ee\\\/fi\\\/toode\\\/iglusauna-2-7m\\\/\"]}]},{\"@type\":\"ImageObject\",\"inLanguage\":\"fi\",\"@id\":\"https:\\\/\\\/tesler.ee\\\/fi\\\/toode\\\/iglusauna-2-7m\\\/#primaryimage\",\"url\":\"https:\\\/\\\/tesler.ee\\\/wp-content\\\/uploads\\\/2022\\\/06\\\/26-pood-sauna-1.png\",\"contentUrl\":\"https:\\\/\\\/tesler.ee\\\/wp-content\\\/uploads\\\/2022\\\/06\\\/26-pood-sauna-1.png\",\"width\":2000,\"height\":1290},{\"@type\":\"BreadcrumbList\",\"@id\":\"https:\\\/\\\/tesler.ee\\\/fi\\\/toode\\\/iglusauna-2-7m\\\/#breadcrumb\",\"itemListElement\":[{\"@type\":\"ListItem\",\"position\":1,\"name\":\"Home\",\"item\":\"https:\\\/\\\/tesler.ee\\\/fi\\\/etusivu\\\/\"},{\"@type\":\"ListItem\",\"position\":2,\"name\":\"Shop\",\"item\":\"https:\\\/\\\/tesler.ee\\\/fi\\\/shop\\\/\"},{\"@type\":\"ListItem\",\"position\":3,\"name\":\"Mukava pieni iglusauna (2,7 m)\"}]},{\"@type\":\"WebSite\",\"@id\":\"https:\\\/\\\/tesler.ee\\\/#website\",\"url\":\"https:\\\/\\\/tesler.ee\\\/\",\"name\":\"Tesler.ee\",\"description\":\"Tervislik olemine v&otilde;ib olla l&otilde;&otilde;gastav\",\"potentialAction\":[{\"@type\":\"SearchAction\",\"target\":{\"@type\":\"EntryPoint\",\"urlTemplate\":\"https:\\\/\\\/tesler.ee\\\/?s={search_term_string}\"},\"query-input\":{\"@type\":\"PropertyValueSpecification\",\"valueRequired\":true,\"valueName\":\"search_term_string\"}}],\"inLanguage\":\"fi\"}]}<\/script>\n<!-- \/ Yoast SEO plugin. -->","yoast_head_json":{"title":"Mukava pieni iglusauna (2,7 m) - Tesler","robots":{"index":"index","follow":"follow","max-snippet":"max-snippet:-1","max-image-preview":"max-image-preview:large","max-video-preview":"max-video-preview:-1"},"canonical":"https:\/\/tesler.ee\/fi\/toode\/iglusauna-2-7m\/","og_locale":"fi_FI","og_type":"article","og_title":"Mukava pieni iglusauna (2,7 m) - Tesler","og_description":"Jos sinulla on jo tynnyrisauna yhdess\u00e4 kerroksessa ja soikea sauna toisessa kerroksessa, valitse yleissauna. Olet siis kuin naapurisi - omaper\u00e4inen ihminen.","og_url":"https:\/\/tesler.ee\/fi\/toode\/iglusauna-2-7m\/","og_site_name":"Tesler","article_publisher":"https:\/\/www.facebook.com\/people\/Tesler-Grupp\/100054456791911\/","article_modified_time":"2024-04-29T07:42:12+00:00","og_image":[{"width":1024,"height":660,"url":"https:\/\/tesler.ee\/wp-content\/uploads\/2022\/06\/26-pood-sauna-1-1024x660.png","type":"image\/png"}],"twitter_card":"summary_large_image","schema":{"@context":"https:\/\/schema.org","@graph":[{"@type":"WebPage","@id":"https:\/\/tesler.ee\/fi\/toode\/iglusauna-2-7m\/","url":"https:\/\/tesler.ee\/fi\/toode\/iglusauna-2-7m\/","name":"Mukava pieni iglusauna (2,7 m) - Tesler","isPartOf":{"@id":"https:\/\/tesler.ee\/#website"},"primaryImageOfPage":{"@id":"https:\/\/tesler.ee\/fi\/toode\/iglusauna-2-7m\/#primaryimage"},"image":{"@id":"https:\/\/tesler.ee\/fi\/toode\/iglusauna-2-7m\/#primaryimage"},"thumbnailUrl":"https:\/\/tesler.ee\/wp-content\/uploads\/2022\/06\/26-pood-sauna-1.png","datePublished":"2022-06-01T16:00:32+00:00","dateModified":"2024-04-29T07:42:12+00:00","breadcrumb":{"@id":"https:\/\/tesler.ee\/fi\/toode\/iglusauna-2-7m\/#breadcrumb"},"inLanguage":"fi","potentialAction":[{"@type":"ReadAction","target":["https:\/\/tesler.ee\/fi\/toode\/iglusauna-2-7m\/"]}]},{"@type":"ImageObject","inLanguage":"fi","@id":"https:\/\/tesler.ee\/fi\/toode\/iglusauna-2-7m\/#primaryimage","url":"https:\/\/tesler.ee\/wp-content\/uploads\/2022\/06\/26-pood-sauna-1.png","contentUrl":"https:\/\/tesler.ee\/wp-content\/uploads\/2022\/06\/26-pood-sauna-1.png","width":2000,"height":1290},{"@type":"BreadcrumbList","@id":"https:\/\/tesler.ee\/fi\/toode\/iglusauna-2-7m\/#breadcrumb","itemListElement":[{"@type":"ListItem","position":1,"name":"Home","item":"https:\/\/tesler.ee\/fi\/etusivu\/"},{"@type":"ListItem","position":2,"name":"Shop","item":"https:\/\/tesler.ee\/fi\/shop\/"},{"@type":"ListItem","position":3,"name":"Mukava pieni iglusauna (2,7 m)"}]},{"@type":"WebSite","@id":"https:\/\/tesler.ee\/#website","url":"https:\/\/tesler.ee\/","name":"Tesler.ee","description":"Tervislik olemine v&otilde;ib olla l&otilde;&otilde;gastav","potentialAction":[{"@type":"SearchAction","target":{"@type":"EntryPoint","urlTemplate":"https:\/\/tesler.ee\/?s={search_term_string}"},"query-input":{"@type":"PropertyValueSpecification","valueRequired":true,"valueName":"search_term_string"}}],"inLanguage":"fi"}]}},"_links":{"self":[{"href":"https:\/\/tesler.ee\/fi\/wp-json\/wp\/v2\/product\/3128","targetHints":{"allow":["GET"]}}],"collection":[{"href":"https:\/\/tesler.ee\/fi\/wp-json\/wp\/v2\/product"}],"about":[{"href":"https:\/\/tesler.ee\/fi\/wp-json\/wp\/v2\/types\/product"}],"wp:featuredmedia":[{"embeddable":true,"href":"https:\/\/tesler.ee\/fi\/wp-json\/wp\/v2\/media\/2468"}],"wp:attachment":[{"href":"https:\/\/tesler.ee\/fi\/wp-json\/wp\/v2\/media?parent=3128"}],"wp:term":[{"taxonomy":"product_brand","embeddable":true,"href":"https:\/\/tesler.ee\/fi\/wp-json\/wp\/v2\/product_brand?post=3128"},{"taxonomy":"product_cat","embeddable":true,"href":"https:\/\/tesler.ee\/fi\/wp-json\/wp\/v2\/product_cat?post=3128"},{"taxonomy":"product_tag","embeddable":true,"href":"https:\/\/tesler.ee\/fi\/wp-json\/wp\/v2\/product_tag?post=3128"}],"curies":[{"name":"wp","href":"https:\/\/api.w.org\/{rel}","templated":true}]}}