{"id":3048,"date":"2022-05-10T08:00:57","date_gmt":"2022-05-10T08:00:57","guid":{"rendered":"https:\/\/tesler.ee\/my-account\/"},"modified":"2023-01-24T14:14:36","modified_gmt":"2023-01-24T14:14:36","slug":"my-account","status":"publish","type":"page","link":"https:\/\/tesler.ee\/fi\/my-account\/","title":{"rendered":"My Account"},"content":{"rendered":"<div class=\"woocommerce\"><div class=\"woocommerce-notices-wrapper\"><\/div>\n\n\t\t<h2>Kirjaudu<\/h2>\n\n\t\t<form class=\"woocommerce-form woocommerce-form-login login\" method=\"post\" novalidate>\n\n\t\t\t\n\t\t\t<p class=\"woocommerce-form-row woocommerce-form-row--wide form-row form-row-wide\">\n\t\t\t\t<label for=\"username\">K\u00e4ytt\u00e4j\u00e4tunnus tai s\u00e4hk\u00f6postiosoite&nbsp;<span class=\"required\" aria-hidden=\"true\">*<\/span><span class=\"screen-reader-text\">Vaaditaan<\/span><\/label>\n\t\t\t\t<input type=\"text\" class=\"woocommerce-Input woocommerce-Input--text input-text\" name=\"username\" id=\"username\" autocomplete=\"username\" value=\"\" required aria-required=\"true\" \/>\t\t\t<\/p>\n\t\t\t<p class=\"woocommerce-form-row woocommerce-form-row--wide form-row form-row-wide\">\n\t\t\t\t<label for=\"password\">Salasana&nbsp;<span class=\"required\" aria-hidden=\"true\">*<\/span><span class=\"screen-reader-text\">Vaaditaan<\/span><\/label>\n\t\t\t\t<input class=\"woocommerce-Input woocommerce-Input--text input-text\" type=\"password\" name=\"password\" id=\"password\" autocomplete=\"current-password\" required aria-required=\"true\" \/>\n\t\t\t<\/p>\n\n\t\t\t\n\t\t\t<p class=\"form-row\">\n\t\t\t\t<label class=\"woocommerce-form__label woocommerce-form__label-for-checkbox woocommerce-form-login__rememberme\">\n\t\t\t\t\t<input class=\"woocommerce-form__input woocommerce-form__input-checkbox\" name=\"rememberme\" type=\"checkbox\" id=\"rememberme\" value=\"forever\" \/> <span>Muista minut<\/span>\n\t\t\t\t<\/label>\n\t\t\t\t<input type=\"hidden\" id=\"woocommerce-login-nonce\" name=\"woocommerce-login-nonce\" value=\"deed4e33e8\" \/><input type=\"hidden\" name=\"_wp_http_referer\" value=\"\/fi\/wp-json\/wp\/v2\/pages\/3048\" \/>\t\t\t\t<button type=\"submit\" class=\"woocommerce-button button woocommerce-form-login__submit\" name=\"login\" value=\"Kirjaudu sis\u00e4\u00e4n\">Kirjaudu sis\u00e4\u00e4n<\/button>\n\t\t\t<\/p>\n\t\t\t<p class=\"woocommerce-LostPassword lost_password\">\n\t\t\t\t<a href=\"https:\/\/tesler.ee\/fi\/my-account\/lost-password\/\">Salasana unohtunut?<\/a>\n\t\t\t<\/p>\n\n\t\t\t\n\t\t<\/form>\n\n\n<\/div>\n","protected":false},"excerpt":{"rendered":"","protected":false},"author":1,"featured_media":0,"parent":0,"menu_order":0,"comment_status":"closed","ping_status":"closed","template":"","meta":{"_acf_changed":false,"inline_featured_image":false,"footnotes":""},"class_list":["post-3048","page","type-page","status-publish","hentry"],"acf":[],"yoast_head":"<!-- This site is optimized with the Yoast SEO plugin v27.6 - https:\/\/yoast.com\/product\/yoast-seo-wordpress\/ -->\n<title>Tesler.ee | T\u00fcnnisaunad ja k\u00fcmblust\u00fcnnid koduhoovi<\/title>\n<meta name=\"robots\" content=\"index, follow, max-snippet:-1, max-image-preview:large, max-video-preview:-1\" \/>\n<link rel=\"canonical\" href=\"https:\/\/tesler.ee\/fi\/my-account\/\" \/>\n<meta property=\"og:locale\" content=\"fi_FI\" \/>\n<meta property=\"og:type\" content=\"article\" \/>\n<meta property=\"og:title\" content=\"Tesler.ee | T\u00fcnnisaunad ja k\u00fcmblust\u00fcnnid koduhoovi\" \/>\n<meta property=\"og:url\" content=\"https:\/\/tesler.ee\/fi\/my-account\/\" \/>\n<meta property=\"og:site_name\" content=\"Tesler\" \/>\n<meta property=\"article:publisher\" content=\"https:\/\/www.facebook.com\/people\/Tesler-Grupp\/100054456791911\/\" \/>\n<meta property=\"article:modified_time\" content=\"2023-01-24T14:14:36+00:00\" \/>\n<meta name=\"twitter:card\" content=\"summary_large_image\" \/>\n<script type=\"application\/ld+json\" class=\"yoast-schema-graph\">{\"@context\":\"https:\\\/\\\/schema.org\",\"@graph\":[{\"@type\":\"WebPage\",\"@id\":\"https:\\\/\\\/tesler.ee\\\/fi\\\/my-account\\\/\",\"url\":\"https:\\\/\\\/tesler.ee\\\/fi\\\/my-account\\\/\",\"name\":\"Tesler.ee | T\u00fcnnisaunad ja k\u00fcmblust\u00fcnnid koduhoovi\",\"isPartOf\":{\"@id\":\"https:\\\/\\\/tesler.ee\\\/#website\"},\"datePublished\":\"2022-05-10T08:00:57+00:00\",\"dateModified\":\"2023-01-24T14:14:36+00:00\",\"breadcrumb\":{\"@id\":\"https:\\\/\\\/tesler.ee\\\/fi\\\/my-account\\\/#breadcrumb\"},\"inLanguage\":\"fi\",\"potentialAction\":[{\"@type\":\"ReadAction\",\"target\":[\"https:\\\/\\\/tesler.ee\\\/fi\\\/my-account\\\/\"]}]},{\"@type\":\"BreadcrumbList\",\"@id\":\"https:\\\/\\\/tesler.ee\\\/fi\\\/my-account\\\/#breadcrumb\",\"itemListElement\":[{\"@type\":\"ListItem\",\"position\":1,\"name\":\"Home\",\"item\":\"https:\\\/\\\/tesler.ee\\\/fi\\\/etusivu\\\/\"},{\"@type\":\"ListItem\",\"position\":2,\"name\":\"My Account\"}]},{\"@type\":\"WebSite\",\"@id\":\"https:\\\/\\\/tesler.ee\\\/#website\",\"url\":\"https:\\\/\\\/tesler.ee\\\/\",\"name\":\"Tesler.ee\",\"description\":\"Tervislik olemine v&otilde;ib olla l&otilde;&otilde;gastav\",\"potentialAction\":[{\"@type\":\"SearchAction\",\"target\":{\"@type\":\"EntryPoint\",\"urlTemplate\":\"https:\\\/\\\/tesler.ee\\\/?s={search_term_string}\"},\"query-input\":{\"@type\":\"PropertyValueSpecification\",\"valueRequired\":true,\"valueName\":\"search_term_string\"}}],\"inLanguage\":\"fi\"}]}<\/script>\n<!-- \/ Yoast SEO plugin. -->","yoast_head_json":{"title":"Tesler.ee | T\u00fcnnisaunad ja k\u00fcmblust\u00fcnnid koduhoovi","robots":{"index":"index","follow":"follow","max-snippet":"max-snippet:-1","max-image-preview":"max-image-preview:large","max-video-preview":"max-video-preview:-1"},"canonical":"https:\/\/tesler.ee\/fi\/my-account\/","og_locale":"fi_FI","og_type":"article","og_title":"Tesler.ee | T\u00fcnnisaunad ja k\u00fcmblust\u00fcnnid koduhoovi","og_url":"https:\/\/tesler.ee\/fi\/my-account\/","og_site_name":"Tesler","article_publisher":"https:\/\/www.facebook.com\/people\/Tesler-Grupp\/100054456791911\/","article_modified_time":"2023-01-24T14:14:36+00:00","twitter_card":"summary_large_image","schema":{"@context":"https:\/\/schema.org","@graph":[{"@type":"WebPage","@id":"https:\/\/tesler.ee\/fi\/my-account\/","url":"https:\/\/tesler.ee\/fi\/my-account\/","name":"Tesler.ee | T\u00fcnnisaunad ja k\u00fcmblust\u00fcnnid koduhoovi","isPartOf":{"@id":"https:\/\/tesler.ee\/#website"},"datePublished":"2022-05-10T08:00:57+00:00","dateModified":"2023-01-24T14:14:36+00:00","breadcrumb":{"@id":"https:\/\/tesler.ee\/fi\/my-account\/#breadcrumb"},"inLanguage":"fi","potentialAction":[{"@type":"ReadAction","target":["https:\/\/tesler.ee\/fi\/my-account\/"]}]},{"@type":"BreadcrumbList","@id":"https:\/\/tesler.ee\/fi\/my-account\/#breadcrumb","itemListElement":[{"@type":"ListItem","position":1,"name":"Home","item":"https:\/\/tesler.ee\/fi\/etusivu\/"},{"@type":"ListItem","position":2,"name":"My Account"}]},{"@type":"WebSite","@id":"https:\/\/tesler.ee\/#website","url":"https:\/\/tesler.ee\/","name":"Tesler.ee","description":"Tervislik olemine v&otilde;ib olla l&otilde;&otilde;gastav","potentialAction":[{"@type":"SearchAction","target":{"@type":"EntryPoint","urlTemplate":"https:\/\/tesler.ee\/?s={search_term_string}"},"query-input":{"@type":"PropertyValueSpecification","valueRequired":true,"valueName":"search_term_string"}}],"inLanguage":"fi"}]}},"_links":{"self":[{"href":"https:\/\/tesler.ee\/fi\/wp-json\/wp\/v2\/pages\/3048","targetHints":{"allow":["GET"]}}],"collection":[{"href":"https:\/\/tesler.ee\/fi\/wp-json\/wp\/v2\/pages"}],"about":[{"href":"https:\/\/tesler.ee\/fi\/wp-json\/wp\/v2\/types\/page"}],"author":[{"embeddable":true,"href":"https:\/\/tesler.ee\/fi\/wp-json\/wp\/v2\/users\/1"}],"replies":[{"embeddable":true,"href":"https:\/\/tesler.ee\/fi\/wp-json\/wp\/v2\/comments?post=3048"}],"version-history":[{"count":0,"href":"https:\/\/tesler.ee\/fi\/wp-json\/wp\/v2\/pages\/3048\/revisions"}],"wp:attachment":[{"href":"https:\/\/tesler.ee\/fi\/wp-json\/wp\/v2\/media?parent=3048"}],"curies":[{"name":"wp","href":"https:\/\/api.w.org\/{rel}","templated":true}]}}