{"id":5927,"date":"2023-03-10T10:29:14","date_gmt":"2023-03-10T10:29:14","guid":{"rendered":"https:\/\/tesler.ee\/installment-payment\/"},"modified":"2024-04-26T11:14:40","modified_gmt":"2024-04-26T11:14:40","slug":"installment-payment","status":"publish","type":"page","link":"https:\/\/tesler.ee\/en\/installment-payment\/","title":{"rendered":"Installment payment"},"content":{"rendered":"\t\t<div data-elementor-type=\"wp-page\" data-elementor-id=\"5927\" class=\"elementor elementor-5927 elementor-4620\" data-elementor-post-type=\"page\">\n\t\t\t\t\t\t<section class=\"elementor-section elementor-top-section elementor-element elementor-element-443786a elementor-section-boxed elementor-section-height-default elementor-section-height-default\" data-id=\"443786a\" data-element_type=\"section\" data-e-type=\"section\">\n\t\t\t\t\t\t<div class=\"elementor-container elementor-column-gap-default\">\n\t\t\t\t\t<div class=\"elementor-column elementor-col-100 elementor-top-column elementor-element elementor-element-13e31af\" data-id=\"13e31af\" data-element_type=\"column\" data-e-type=\"column\">\n\t\t\t<div class=\"elementor-widget-wrap elementor-element-populated\">\n\t\t\t\t\t\t<div class=\"elementor-element elementor-element-2fd8750 elementor-widget elementor-widget-heading\" data-id=\"2fd8750\" data-element_type=\"widget\" data-e-type=\"widget\" data-widget_type=\"heading.default\">\n\t\t\t\t<div class=\"elementor-widget-container\">\n\t\t\t\t\t<h2 class=\"elementor-heading-title elementor-size-default\">Buy now and pay later,<\/h2>\t\t\t\t<\/div>\n\t\t\t\t<\/div>\n\t\t\t\t<div class=\"elementor-element elementor-element-7de667d elementor-widget elementor-widget-heading\" data-id=\"7de667d\" data-element_type=\"widget\" data-e-type=\"widget\" data-widget_type=\"heading.default\">\n\t\t\t\t<div class=\"elementor-widget-container\">\n\t\t\t\t\t<h2 class=\"elementor-heading-title elementor-size-default\">select ESTO as an afterthought<\/h2>\t\t\t\t<\/div>\n\t\t\t\t<\/div>\n\t\t\t\t<section class=\"elementor-section elementor-inner-section elementor-element elementor-element-68d61aa elementor-section-boxed elementor-section-height-default elementor-section-height-default\" data-id=\"68d61aa\" data-element_type=\"section\" data-e-type=\"section\">\n\t\t\t\t\t\t<div class=\"elementor-container elementor-column-gap-default\">\n\t\t\t\t\t<div class=\"elementor-column elementor-col-25 elementor-inner-column elementor-element elementor-element-f33facb\" data-id=\"f33facb\" data-element_type=\"column\" data-e-type=\"column\">\n\t\t\t<div class=\"elementor-widget-wrap elementor-element-populated\">\n\t\t\t\t\t\t<div class=\"elementor-element elementor-element-19bcb57 elementor-absolute elementor-widget elementor-widget-heading\" data-id=\"19bcb57\" data-element_type=\"widget\" data-e-type=\"widget\" data-settings=\"{&quot;_position&quot;:&quot;absolute&quot;}\" data-widget_type=\"heading.default\">\n\t\t\t\t<div class=\"elementor-widget-container\">\n\t\t\t\t\t<h2 class=\"elementor-heading-title elementor-size-default\">1<\/h2>\t\t\t\t<\/div>\n\t\t\t\t<\/div>\n\t\t\t\t<div class=\"elementor-element elementor-element-1b67c35 elementor-widget elementor-widget-heading\" data-id=\"1b67c35\" data-element_type=\"widget\" data-e-type=\"widget\" data-widget_type=\"heading.default\">\n\t\t\t\t<div class=\"elementor-widget-container\">\n\t\t\t\t\t<h2 class=\"elementor-heading-title elementor-size-default\">Add products to cart<\/h2>\t\t\t\t<\/div>\n\t\t\t\t<\/div>\n\t\t\t\t\t<\/div>\n\t\t<\/div>\n\t\t\t\t<div class=\"elementor-column elementor-col-25 elementor-inner-column elementor-element elementor-element-ac1c17c\" data-id=\"ac1c17c\" data-element_type=\"column\" data-e-type=\"column\">\n\t\t\t<div class=\"elementor-widget-wrap elementor-element-populated\">\n\t\t\t\t\t\t<div class=\"elementor-element elementor-element-7e5429f elementor-absolute elementor-widget elementor-widget-heading\" data-id=\"7e5429f\" data-element_type=\"widget\" data-e-type=\"widget\" data-settings=\"{&quot;_position&quot;:&quot;absolute&quot;}\" data-widget_type=\"heading.default\">\n\t\t\t\t<div class=\"elementor-widget-container\">\n\t\t\t\t\t<h2 class=\"elementor-heading-title elementor-size-default\">2<\/h2>\t\t\t\t<\/div>\n\t\t\t\t<\/div>\n\t\t\t\t<div class=\"elementor-element elementor-element-e65f846 elementor-widget elementor-widget-heading\" data-id=\"e65f846\" data-element_type=\"widget\" data-e-type=\"widget\" data-widget_type=\"heading.default\">\n\t\t\t\t<div class=\"elementor-widget-container\">\n\t\t\t\t\t<h2 class=\"elementor-heading-title elementor-size-default\">Choose from ESTO instalment payment methods<\/h2>\t\t\t\t<\/div>\n\t\t\t\t<\/div>\n\t\t\t\t\t<\/div>\n\t\t<\/div>\n\t\t\t\t<div class=\"elementor-column elementor-col-25 elementor-inner-column elementor-element elementor-element-9682e01\" data-id=\"9682e01\" data-element_type=\"column\" data-e-type=\"column\">\n\t\t\t<div class=\"elementor-widget-wrap elementor-element-populated\">\n\t\t\t\t\t\t<div class=\"elementor-element elementor-element-276e9b9 elementor-absolute elementor-widget elementor-widget-heading\" data-id=\"276e9b9\" data-element_type=\"widget\" data-e-type=\"widget\" data-settings=\"{&quot;_position&quot;:&quot;absolute&quot;}\" data-widget_type=\"heading.default\">\n\t\t\t\t<div class=\"elementor-widget-container\">\n\t\t\t\t\t<h2 class=\"elementor-heading-title elementor-size-default\">3<\/h2>\t\t\t\t<\/div>\n\t\t\t\t<\/div>\n\t\t\t\t<div class=\"elementor-element elementor-element-d51748c elementor-widget elementor-widget-heading\" data-id=\"d51748c\" data-element_type=\"widget\" data-e-type=\"widget\" data-widget_type=\"heading.default\">\n\t\t\t\t<div class=\"elementor-widget-container\">\n\t\t\t\t\t<h2 class=\"elementor-heading-title elementor-size-default\">Choose the right monthly repayment amount and length of repayment period<\/h2>\t\t\t\t<\/div>\n\t\t\t\t<\/div>\n\t\t\t\t\t<\/div>\n\t\t<\/div>\n\t\t\t\t<div class=\"elementor-column elementor-col-25 elementor-inner-column elementor-element elementor-element-bafc520\" data-id=\"bafc520\" data-element_type=\"column\" data-e-type=\"column\">\n\t\t\t<div class=\"elementor-widget-wrap elementor-element-populated\">\n\t\t\t\t\t\t<div class=\"elementor-element elementor-element-42ff9d2 elementor-absolute elementor-widget elementor-widget-heading\" data-id=\"42ff9d2\" data-element_type=\"widget\" data-e-type=\"widget\" data-settings=\"{&quot;_position&quot;:&quot;absolute&quot;}\" data-widget_type=\"heading.default\">\n\t\t\t\t<div class=\"elementor-widget-container\">\n\t\t\t\t\t<h2 class=\"elementor-heading-title elementor-size-default\">4<\/h2>\t\t\t\t<\/div>\n\t\t\t\t<\/div>\n\t\t\t\t<div class=\"elementor-element elementor-element-765ced1 elementor-widget elementor-widget-heading\" data-id=\"765ced1\" data-element_type=\"widget\" data-e-type=\"widget\" data-widget_type=\"heading.default\">\n\t\t\t\t<div class=\"elementor-widget-container\">\n\t\t\t\t\t<h2 class=\"elementor-heading-title elementor-size-default\">Conveniently sign the contract with Smart-ID or Mobile ID<\/h2>\t\t\t\t<\/div>\n\t\t\t\t<\/div>\n\t\t\t\t\t<\/div>\n\t\t<\/div>\n\t\t\t\t\t<\/div>\n\t\t<\/section>\n\t\t\t\t<div class=\"elementor-element elementor-element-7159a24 elementor-widget elementor-widget-text-editor\" data-id=\"7159a24\" data-element_type=\"widget\" data-e-type=\"widget\" data-widget_type=\"text-editor.default\">\n\t\t\t\t<div class=\"elementor-widget-container\">\n\t\t\t\t\t\t\t\t\t<p><b>Don&#8217;t want to pay the full amount at once? Pay by instalments!<\/b><\/p>\n<p><span style=\"font-weight: 400;\">ESTO instalments are a very fast and convenient payment solution that helps you set up a payment schedule based on the period you choose. The payment solution makes the decision in real time and helps you complete your purchase in less than 60 seconds.<\/span><\/p>\n<p><span style=\"font-weight: 400;\">Add the right products to your shopping cart, confirm your order and select ESTO hire purchase as payment method. When confirming your purchase, choose the period and monthly instalment amount you want and digitally sign your card using your ID card, Smart-ID or Mobile-ID.<\/span><\/p>\n<ul>\n<li style=\"font-weight: 400;\" aria-level=\"1\"><span style=\"font-weight: 400;\">All citizens of the Republic of Estonia aged between 18 and 70 can apply for an ESTO instalment.  <\/span><\/li>\n<li style=\"font-weight: 400;\" aria-level=\"1\"><span style=\"font-weight: 400;\">ESTO instalments can also be made quickly and conveniently for legal persons.  <\/span><\/li>\n<li style=\"font-weight: 400;\" aria-level=\"1\"><span style=\"font-weight: 400;\">ESTO hire purchase is offered and managed by ESTO AS.  <\/span><\/li>\n<\/ul>\n<p><b>NOTE!  <\/b><span style=\"font-weight: 400;\">Every instalment is a financial commitment. Before signing a hire-purchase agreement, read the terms and conditions of the service and consult a professional if necessary.  <\/span><i><span style=\"font-weight: 400;\">ESTO AS instalment credit interest rate is 23.63% per annum under the following sample conditions: amount of credit 1490 EUR, cost of goods\/services 1490 EUR, deposit 0%, fixed interest rate 11.90%, contractual fee 0 EUR, total amount of credit and repayments 1844.64 EUR, assuming that the credit is repaid in equal monthly instalments of 76.86 EUR over 24 months. Check the terms and conditions before signing a contract and consult a specialist if necessary. Post-paid services are provided and managed by ESTO AS.<\/span><\/i><\/p>\n<p><b>WHAT IS ESTO?  <\/b><span style=\"font-weight: 300;\">ESTO is a financial services company that dates back to 2016. The brand was born out of the need for a new generation of payment solutions, suitable for both the end consumer and the merchant. Today, ESTO offers the widest range of payment solutions in the Baltics, and its partner network includes more than 2,600 partners and stores and over 300,000 customers.  <\/span><\/p>\n<p><span style=\"font-weight: 300;\">Check the conditions here: <\/span><a href=\"http:\/\/www.esto.ee\"><br \/>\n  <span style=\"font-weight: 300;\">www.esto.ee<\/span><br \/>\n<\/a><\/p>\n<\/p>\n<p><span style=\"font-weight: 300;\">If necessary, contact an ESTO AS employee &#8211; <\/span><a href=\"mailto:info@esto.ee\"><br \/>\n  <span style=\"font-weight: 300;\">info@esto.ee<\/span><br \/>\n<\/a><span style=\"font-weight: 300;\"> or <\/span><a href=\"http:\/\/www.esto.ee\"><br \/>\n  <span style=\"font-weight: 300;\">www.esto.ee<\/span><br \/>\n<\/a><span style=\"font-weight: 300;\"> LIVE chat window.<\/span><\/p>\n\t\t\t\t\t\t\t\t<\/div>\n\t\t\t\t<\/div>\n\t\t\t\t\t<\/div>\n\t\t<\/div>\n\t\t\t\t\t<\/div>\n\t\t<\/section>\n\t\t\t\t<\/div>\n\t\t","protected":false},"excerpt":{"rendered":"<p>Buy now and pay later, select ESTO as an afterthought 1 Add products to cart 2 Choose from ESTO instalment payment methods 3 Choose the right monthly repayment amount and length of repayment period 4 Conveniently sign the contract with Smart-ID or Mobile ID Don&#8217;t want to pay the full amount at once? Pay by [&hellip;]<\/p>\n","protected":false},"author":1,"featured_media":0,"parent":0,"menu_order":0,"comment_status":"closed","ping_status":"closed","template":"elementor_header_footer","meta":{"_acf_changed":false,"inline_featured_image":false,"footnotes":""},"class_list":["post-5927","page","type-page","status-publish","hentry"],"acf":[],"yoast_head":"<!-- This site is optimized with the Yoast SEO plugin v27.4 - https:\/\/yoast.com\/product\/yoast-seo-wordpress\/ -->\n<title>Tesler.ee | T\u00fcnnisaunad ja k\u00fcmblust\u00fcnnid koduhoovi<\/title>\n<meta name=\"description\" content=\"Buy now and pay later, select ESTO as an afterthought 1 Add products to cart 2 Choose from ESTO instalment payment methods 3 Choose the right monthly\" \/>\n<meta name=\"robots\" content=\"index, follow, max-snippet:-1, max-image-preview:large, max-video-preview:-1\" \/>\n<link rel=\"canonical\" href=\"https:\/\/tesler.ee\/en\/installment-payment\/\" \/>\n<meta property=\"og:locale\" content=\"en_US\" \/>\n<meta property=\"og:type\" content=\"article\" \/>\n<meta property=\"og:title\" content=\"Tesler.ee | T\u00fcnnisaunad ja k\u00fcmblust\u00fcnnid koduhoovi\" \/>\n<meta property=\"og:description\" content=\"Buy now and pay later, select ESTO as an afterthought 1 Add products to cart 2 Choose from ESTO instalment payment methods 3 Choose the right monthly\" \/>\n<meta property=\"og:url\" content=\"https:\/\/tesler.ee\/en\/installment-payment\/\" \/>\n<meta property=\"og:site_name\" content=\"Tesler\" \/>\n<meta property=\"article:publisher\" content=\"https:\/\/www.facebook.com\/people\/Tesler-Grupp\/100054456791911\/\" \/>\n<meta property=\"article:modified_time\" content=\"2024-04-26T11:14:40+00:00\" \/>\n<meta name=\"twitter:card\" content=\"summary_large_image\" \/>\n<meta name=\"twitter:label1\" content=\"Est. reading time\" \/>\n\t<meta name=\"twitter:data1\" content=\"2 minutes\" \/>\n<script type=\"application\/ld+json\" class=\"yoast-schema-graph\">{\"@context\":\"https:\\\/\\\/schema.org\",\"@graph\":[{\"@type\":\"WebPage\",\"@id\":\"https:\\\/\\\/tesler.ee\\\/en\\\/installment-payment\\\/\",\"url\":\"https:\\\/\\\/tesler.ee\\\/en\\\/installment-payment\\\/\",\"name\":\"Tesler.ee | T\u00fcnnisaunad ja k\u00fcmblust\u00fcnnid koduhoovi\",\"isPartOf\":{\"@id\":\"https:\\\/\\\/tesler.ee\\\/#website\"},\"datePublished\":\"2023-03-10T10:29:14+00:00\",\"dateModified\":\"2024-04-26T11:14:40+00:00\",\"description\":\"Buy now and pay later, select ESTO as an afterthought 1 Add products to cart 2 Choose from ESTO instalment payment methods 3 Choose the right monthly\",\"breadcrumb\":{\"@id\":\"https:\\\/\\\/tesler.ee\\\/en\\\/installment-payment\\\/#breadcrumb\"},\"inLanguage\":\"en-US\",\"potentialAction\":[{\"@type\":\"ReadAction\",\"target\":[\"https:\\\/\\\/tesler.ee\\\/en\\\/installment-payment\\\/\"]}]},{\"@type\":\"BreadcrumbList\",\"@id\":\"https:\\\/\\\/tesler.ee\\\/en\\\/installment-payment\\\/#breadcrumb\",\"itemListElement\":[{\"@type\":\"ListItem\",\"position\":1,\"name\":\"Home\",\"item\":\"https:\\\/\\\/tesler.ee\\\/en\\\/home-page\\\/\"},{\"@type\":\"ListItem\",\"position\":2,\"name\":\"Installment payment\"}]},{\"@type\":\"WebSite\",\"@id\":\"https:\\\/\\\/tesler.ee\\\/#website\",\"url\":\"https:\\\/\\\/tesler.ee\\\/\",\"name\":\"Tesler.ee\",\"description\":\"Tervislik olemine v&otilde;ib olla l&otilde;&otilde;gastav\",\"potentialAction\":[{\"@type\":\"SearchAction\",\"target\":{\"@type\":\"EntryPoint\",\"urlTemplate\":\"https:\\\/\\\/tesler.ee\\\/?s={search_term_string}\"},\"query-input\":{\"@type\":\"PropertyValueSpecification\",\"valueRequired\":true,\"valueName\":\"search_term_string\"}}],\"inLanguage\":\"en-US\"}]}<\/script>\n<!-- \/ Yoast SEO plugin. -->","yoast_head_json":{"title":"Tesler.ee | T\u00fcnnisaunad ja k\u00fcmblust\u00fcnnid koduhoovi","description":"Buy now and pay later, select ESTO as an afterthought 1 Add products to cart 2 Choose from ESTO instalment payment methods 3 Choose the right monthly","robots":{"index":"index","follow":"follow","max-snippet":"max-snippet:-1","max-image-preview":"max-image-preview:large","max-video-preview":"max-video-preview:-1"},"canonical":"https:\/\/tesler.ee\/en\/installment-payment\/","og_locale":"en_US","og_type":"article","og_title":"Tesler.ee | T\u00fcnnisaunad ja k\u00fcmblust\u00fcnnid koduhoovi","og_description":"Buy now and pay later, select ESTO as an afterthought 1 Add products to cart 2 Choose from ESTO instalment payment methods 3 Choose the right monthly","og_url":"https:\/\/tesler.ee\/en\/installment-payment\/","og_site_name":"Tesler","article_publisher":"https:\/\/www.facebook.com\/people\/Tesler-Grupp\/100054456791911\/","article_modified_time":"2024-04-26T11:14:40+00:00","twitter_card":"summary_large_image","twitter_misc":{"Est. reading time":"2 minutes"},"schema":{"@context":"https:\/\/schema.org","@graph":[{"@type":"WebPage","@id":"https:\/\/tesler.ee\/en\/installment-payment\/","url":"https:\/\/tesler.ee\/en\/installment-payment\/","name":"Tesler.ee | T\u00fcnnisaunad ja k\u00fcmblust\u00fcnnid koduhoovi","isPartOf":{"@id":"https:\/\/tesler.ee\/#website"},"datePublished":"2023-03-10T10:29:14+00:00","dateModified":"2024-04-26T11:14:40+00:00","description":"Buy now and pay later, select ESTO as an afterthought 1 Add products to cart 2 Choose from ESTO instalment payment methods 3 Choose the right monthly","breadcrumb":{"@id":"https:\/\/tesler.ee\/en\/installment-payment\/#breadcrumb"},"inLanguage":"en-US","potentialAction":[{"@type":"ReadAction","target":["https:\/\/tesler.ee\/en\/installment-payment\/"]}]},{"@type":"BreadcrumbList","@id":"https:\/\/tesler.ee\/en\/installment-payment\/#breadcrumb","itemListElement":[{"@type":"ListItem","position":1,"name":"Home","item":"https:\/\/tesler.ee\/en\/home-page\/"},{"@type":"ListItem","position":2,"name":"Installment payment"}]},{"@type":"WebSite","@id":"https:\/\/tesler.ee\/#website","url":"https:\/\/tesler.ee\/","name":"Tesler.ee","description":"Tervislik olemine v&otilde;ib olla l&otilde;&otilde;gastav","potentialAction":[{"@type":"SearchAction","target":{"@type":"EntryPoint","urlTemplate":"https:\/\/tesler.ee\/?s={search_term_string}"},"query-input":{"@type":"PropertyValueSpecification","valueRequired":true,"valueName":"search_term_string"}}],"inLanguage":"en-US"}]}},"_links":{"self":[{"href":"https:\/\/tesler.ee\/en\/wp-json\/wp\/v2\/pages\/5927","targetHints":{"allow":["GET"]}}],"collection":[{"href":"https:\/\/tesler.ee\/en\/wp-json\/wp\/v2\/pages"}],"about":[{"href":"https:\/\/tesler.ee\/en\/wp-json\/wp\/v2\/types\/page"}],"author":[{"embeddable":true,"href":"https:\/\/tesler.ee\/en\/wp-json\/wp\/v2\/users\/1"}],"replies":[{"embeddable":true,"href":"https:\/\/tesler.ee\/en\/wp-json\/wp\/v2\/comments?post=5927"}],"version-history":[{"count":1,"href":"https:\/\/tesler.ee\/en\/wp-json\/wp\/v2\/pages\/5927\/revisions"}],"predecessor-version":[{"id":5928,"href":"https:\/\/tesler.ee\/en\/wp-json\/wp\/v2\/pages\/5927\/revisions\/5928"}],"wp:attachment":[{"href":"https:\/\/tesler.ee\/en\/wp-json\/wp\/v2\/media?parent=5927"}],"curies":[{"name":"wp","href":"https:\/\/api.w.org\/{rel}","templated":true}]}}