{"id":5031,"date":"2022-07-03T12:09:54","date_gmt":"2022-07-03T12:09:54","guid":{"rendered":"https:\/\/tesler.ee\/?post_type=product&#038;p=5031"},"modified":"2025-09-16T13:57:43","modified_gmt":"2025-09-16T13:57:43","slug":"kleine-delux-3-3m","status":"publish","type":"product","link":"https:\/\/tesler.ee\/de\/toode\/kleine-delux-3-3m\/","title":{"rendered":"Kleine Delux (3.3m)"},"content":{"rendered":"<p><strong>Kleine Delux (3.3m)<\/strong><\/p>\n<ul class=\"ak-ul\" data-pm-slice=\"3 1 []\">\n<li>Die W\u00e4nde sind aus 40 mm Fichte<\/li>\n<li>Icopal Plano Wabendeckung<\/li>\n<li>Die Au\u00dfenlackierung erfolgt mit Remmers HK Lasuri oder Tikkurila Terrace Oil.<\/li>\n<li>Die h\u00f6lzerne Eingangst\u00fcr ist abschlie\u00dfbar und hat ein Fenster.<\/li>\n<li>Die T\u00fcr zum Abstellraum ist aus Glas<\/li>\n<li>Leili bietet entweder einen Holzofen oder einen Elektroherd<\/li>\n<li>Frische Luft wird durch ein Bel\u00fcftungssystem gew\u00e4hrleistet<\/li>\n<li>Der Wassertank fasst je nach Wunsch des Kunden 30 oder 40 Liter.<\/li>\n<li>Der Saunaraum verf\u00fcgt \u00fcber eine B\u00fchne und Sitzb\u00e4nke<\/li>\n<li>In der Diele und im Schlafzimmer gibt es Bodenleisten.<\/li>\n<li>Es gibt B\u00e4nke auf der Terrasse<\/li>\n<li aria-level=\"1\">Geliefert mit rostfreien Metallst\u00e4ben und verstellbaren Klammern<\/li>\n<\/ul>\n<p><strong>F\u00fcr Saunen ist keine Baugenehmigung erforderlich<\/strong><\/p>\n","protected":false},"excerpt":{"rendered":"<p data-pm-slice=\"1 1 []\">Luxus wurde geschaffen, um genossen zu werden, genau wie ein gutes hei\u00dfes Sandwich und kalte Erfrischungen. In der Delux-Sauna k\u00f6nnen Sie beides genie\u00dfen und sich wie ein alter R\u00f6mer in den legend\u00e4ren Caracalla-Thermen f\u00fchlen. <\/p>\n<p>&nbsp;<\/p>\n","protected":false},"featured_media":6760,"template":"","meta":{"_acf_changed":false,"inline_featured_image":false},"product_brand":[],"product_cat":[60],"product_tag":[],"class_list":{"0":"post-5031","1":"product","2":"type-product","3":"status-publish","4":"has-post-thumbnail","6":"product_cat-delux-de","7":"wcpa_has_options","9":"first","10":"instock","11":"taxable","12":"shipping-taxable","13":"purchasable","14":"product-type-variable"},"acf":[],"wcpa_form_fields":{"rules":{"pric_overide_base_price":false,"pric_overide_base_price_if_gt_zero":false,"pric_overide_base_price_fully":false,"pric_cal_option_once":false,"pric_use_as_fee":false,"bind_quantity":false,"quantity_bind_formula":false},"fields":[{"type":"image-group","required":true,"label":"T\u00fcr","elementId":"wcpa-image-group-63ea3cb637ef4","description":"im Set","inline":true,"enablePrice":true,"priceOptions":"different_for_all","pricingType":"fixed","enable_popup":"no","name":"image-group-63ea3cb637ef8","hideImageIn_cart":true,"hideImageIn_order":true,"hideFieldIn_cart":true,"disp_type":"square","img_selection_type":"shadow","other_text":"Other","cl_rule":"show","col":6,"values":[{"label":"Abschlie\u00dfbar aus Holz mit Teilverglasung","price":"","image":"https:\/\/tesler.ee\/wp-content\/uploads\/2023\/02\/Delux-uks-V1.webp","image_id":"4093","thumb":"https:\/\/tesler.ee\/wp-content\/uploads\/2023\/02\/Delux-uks-V1-150x150.webp"},{"label":"Rahmenlose abschlie\u00dfbare Holzt\u00fcr mit Teilverglasung","price":"","image":"https:\/\/tesler.ee\/wp-content\/uploads\/2023\/02\/Delux-uks-V4.webp","image_id":"4155","thumb":"https:\/\/tesler.ee\/wp-content\/uploads\/2023\/02\/Delux-uks-V4-150x150.webp"},{"label":"Abschlie\u00dfbare Holzt\u00fcr mit Vollverglasung","price":"","image":"https:\/\/tesler.ee\/wp-content\/uploads\/2023\/02\/Delux-uks-V3.webp","image_id":"4098","thumb":"https:\/\/tesler.ee\/wp-content\/uploads\/2023\/02\/Delux-uks-V3-150x150.webp"},{"label":"Glast\u00fcr f\u00fcr die Sauna","price":"","image":"https:\/\/tesler.ee\/wp-content\/uploads\/2023\/02\/Delux-uks-V2.webp","image_id":"4103","thumb":"https:\/\/tesler.ee\/wp-content\/uploads\/2023\/02\/Delux-uks-V2-150x150.webp"},{"label":"Frontwand aus Vollglas","price":"800","image":"https:\/\/tesler.ee\/wp-content\/uploads\/2023\/04\/Square-24x23-taisring-1.webp","image_id":"4971","thumb":"https:\/\/tesler.ee\/wp-content\/uploads\/2023\/04\/Square-24x23-taisring-1-150x150.webp"}],"relations":false,"price":0,"form_id":6421,"form_rules":{"pric_cal_option_once":false,"exclude_from_discount":false,"pric_use_as_fee":false,"fee_label":"Maksud","render_after_acb":false,"disp_hide_options_price":false}},{"type":"image-group","label":"Fenster","elementId":"wcpa-image-group-63ea3cb637ed1","inline":true,"enablePrice":true,"priceOptions":"different_for_all","pricingType":"fixed","enable_popup":"no","multiple":true,"name":"image-group-63ea3cb637ed7","hideImageIn_cart":true,"hideImageIn_order":true,"hideFieldIn_cart":true,"disp_type":"square","img_selection_type":"shadow","other_text":"Other","cl_rule":"show","col":6,"values":[{"label":"350x750 mm Drehfenster","price":"130","image":"https:\/\/tesler.ee\/wp-content\/uploads\/2023\/02\/Thermo-Delux500-1.webp","image_id":"4586","thumb":"https:\/\/tesler.ee\/wp-content\/uploads\/2023\/02\/Thermo-Delux500-1-150x150.webp"},{"label":"350x750 mm feststehendes Fenster","price":"110","image":"https:\/\/tesler.ee\/wp-content\/uploads\/2023\/02\/Thermo-Delux500-1.webp","image_id":"4586","thumb":"https:\/\/tesler.ee\/wp-content\/uploads\/2023\/02\/Thermo-Delux500-1-150x150.webp"},{"label":"400x1200 mm Fenster","price":"140","image":"https:\/\/tesler.ee\/wp-content\/uploads\/2023\/02\/Thermo-Delux500-3-1.webp","image_id":"4575","thumb":"https:\/\/tesler.ee\/wp-content\/uploads\/2023\/02\/Thermo-Delux500-3-1-150x150.webp"},{"label":"Halbrundes Fenster","price":"380","image":"https:\/\/tesler.ee\/wp-content\/uploads\/2023\/02\/Square-24x23-poolkaaraken-3.webp","image_id":"5499","thumb":"https:\/\/tesler.ee\/wp-content\/uploads\/2023\/02\/Square-24x23-poolkaaraken-3-150x150.webp"},{"label":"Rundfenster","price":"800","image":"https:\/\/tesler.ee\/wp-content\/uploads\/2023\/02\/Square-24x23-taisring-3.webp","image_id":"5504","thumb":"https:\/\/tesler.ee\/wp-content\/uploads\/2023\/02\/Square-24x23-taisring-3-150x150.webp"}],"relations":false,"price":0,"form_id":6421,"form_rules":{"pric_cal_option_once":false,"exclude_from_discount":false,"pric_use_as_fee":false,"fee_label":"Maksud","render_after_acb":false,"disp_hide_options_price":false}},{"type":"image-group","label":"Kerised","elementId":"wcpa-image-group-63ea3cb637edc","inline":true,"enablePrice":true,"priceOptions":"different_for_all","pricingType":"fixed","disp_size_img":"150","enable_popup":"no","name":"image-group-63ea3cb637ee0","hideImageIn_cart":true,"hideImageIn_order":true,"hideFieldIn_cart":true,"disp_type":"square","img_selection_type":"shadow","other_text":"Other","cl_rule":"show","col":6,"values":[{"label":"Harvia M3 + Schornstein-Set","price":"750","image":"https:\/\/tesler.ee\/wp-content\/uploads\/2023\/02\/Havia-M3.webp","image_id":"4522","thumb":"https:\/\/tesler.ee\/wp-content\/uploads\/2023\/02\/Havia-M3-150x150.webp"},{"label":"Huum Heat 12 mit Schornstein","price":"1490","image":"https:\/\/tesler.ee\/wp-content\/uploads\/2022\/10\/Huum-Heat-12-1.webp","image_id":"3609","thumb":"https:\/\/tesler.ee\/wp-content\/uploads\/2022\/10\/Huum-Heat-12-1-150x150.webp"},{"label":"Cozy 12 mit Schornstein","price":"990","image":"https:\/\/tesler.ee\/wp-content\/uploads\/2023\/02\/Cozy12.webp","image_id":"4527","thumb":"https:\/\/tesler.ee\/wp-content\/uploads\/2023\/02\/Cozy12-150x150.webp"},{"label":"Harvia Cilindro","price":"390","image":"https:\/\/tesler.ee\/wp-content\/uploads\/2023\/01\/Cilindro_harvia.webp","image_id":"1707","thumb":"https:\/\/tesler.ee\/wp-content\/uploads\/2023\/01\/Cilindro_harvia-150x150.webp"}],"relations":false,"price":0,"form_id":6421,"form_rules":{"pric_cal_option_once":false,"exclude_from_discount":false,"pric_use_as_fee":false,"fee_label":"Maksud","render_after_acb":false,"disp_hide_options_price":false}},{"type":"image-group","label":"Kadakasein","elementId":"wcpa-image-group-63ea3cb637f03","inline":true,"enablePrice":true,"priceOptions":"different_for_all","pricingType":"fixed","enable_popup":"no","name":"image-group-63ea3cb637f07","hideImageIn_cart":true,"hideImageIn_order":true,"hideFieldIn_cart":true,"disp_type":"square","img_selection_type":"shadow","other_text":"Other","cl_rule":"show","col":6,"values":[{"label":"Halbrunde Wacholderwand","price":"290","image":"https:\/\/tesler.ee\/wp-content\/uploads\/2022\/10\/IMG-20220926-WA0000.webp","image_id":"3734","thumb":"https:\/\/tesler.ee\/wp-content\/uploads\/2022\/10\/IMG-20220926-WA0000-150x150.webp"},{"label":"Runde Wacholderwand","price":"580","image":"https:\/\/tesler.ee\/wp-content\/uploads\/2022\/10\/20220412_143459.webp","image_id":"3464","thumb":"https:\/\/tesler.ee\/wp-content\/uploads\/2022\/10\/20220412_143459-150x150.webp"}],"relations":false,"price":0,"form_id":6421,"form_rules":{"pric_cal_option_once":false,"exclude_from_discount":false,"pric_use_as_fee":false,"fee_label":"Maksud","render_after_acb":false,"disp_hide_options_price":false}},{"type":"image-group","label":"LED valgustus","elementId":"wcpa-image-group-63ea3cb637efc","inline":true,"enablePrice":true,"priceOptions":"different_for_all","pricingType":"fixed","enable_popup":"no","multiple":true,"name":"image-group-63ea3cb637eff","hideImageIn_cart":true,"hideImageIn_order":true,"hideFieldIn_cart":true,"disp_type":"square","img_selection_type":"shadow","other_text":"Other","cl_rule":"show","col":6,"values":[{"label":"LED-Leiste im Dampfraum","price":"190","image":"https:\/\/tesler.ee\/wp-content\/uploads\/2022\/10\/20220412_211108.webp","image_id":"3739","thumb":"https:\/\/tesler.ee\/wp-content\/uploads\/2022\/10\/20220412_211108-150x150.webp"},{"label":"LED-Leuchte","price":"120","image":"https:\/\/tesler.ee\/wp-content\/uploads\/2023\/02\/ledvalgusti-1.webp","image_id":"4843","thumb":"https:\/\/tesler.ee\/wp-content\/uploads\/2023\/02\/ledvalgusti-1-150x150.webp"}],"relations":false,"price":0,"form_id":6421,"form_rules":{"pric_cal_option_once":false,"exclude_from_discount":false,"pric_use_as_fee":false,"fee_label":"Maksud","render_after_acb":false,"disp_hide_options_price":false}},{"type":"image-group","label":"Veepaak","elementId":"wcpa-image-group-63ea3cb637f0b","inline":true,"enablePrice":true,"priceOptions":"different_for_all","pricingType":"fixed","enable_popup":"no","name":"image-group-63ea3cb637f0f","hideImageIn_cart":true,"hideImageIn_order":true,"hideFieldIn_cart":true,"disp_type":"square","img_selection_type":"shadow","other_text":"Other","cl_rule":"show","col":6,"values":[{"label":"30L Wassertank","price":"120","image":"https:\/\/tesler.ee\/wp-content\/uploads\/2022\/10\/veepaak.webp","image_id":"3619","thumb":"https:\/\/tesler.ee\/wp-content\/uploads\/2022\/10\/veepaak-150x150.webp"},{"label":"40L Wassertank","price":"140","image":"https:\/\/tesler.ee\/wp-content\/uploads\/2022\/10\/veepaak.webp","image_id":"3619","thumb":"https:\/\/tesler.ee\/wp-content\/uploads\/2022\/10\/veepaak-150x150.webp"}],"relations":false,"price":0,"form_id":6421,"form_rules":{"pric_cal_option_once":false,"exclude_from_discount":false,"pric_use_as_fee":false,"fee_label":"Maksud","render_after_acb":false,"disp_hide_options_price":false}},{"type":"image-group","required":true,"label":"Katusekate \/ v\u00e4rv","elementId":"wcpa-image-group-63ea3cb637ee4","description":"Komplektis","inline":true,"priceOptions":"different_for_all","pricingType":"fixed","enable_popup":"no","name":"image-group-63ea3cb637ee8","hideImageIn_cart":true,"hideImageIn_order":true,"hideFieldIn_cart":true,"disp_type":"square","img_selection_type":"shadow","other_text":"Other","cl_rule":"show","col":6,"values":[{"label":"Schwarz","price":"","image":"https:\/\/tesler.ee\/wp-content\/uploads\/2022\/10\/Screenshot-2022-10-06-114108.png","image_id":"1597","thumb":"https:\/\/tesler.ee\/wp-content\/uploads\/2022\/10\/Screenshot-2022-10-06-114108-150x150.png"},{"label":"Tema Braun","price":"","image":"https:\/\/tesler.ee\/wp-content\/uploads\/2022\/10\/Screenshot-2022-10-06-114344.png","image_id":"1600","thumb":"https:\/\/tesler.ee\/wp-content\/uploads\/2022\/10\/Screenshot-2022-10-06-114344-150x150.png"},{"label":"Tema Rot","price":"","image":"https:\/\/tesler.ee\/wp-content\/uploads\/2022\/10\/Screenshot-2022-10-06-114303.png","image_id":"1599","thumb":"https:\/\/tesler.ee\/wp-content\/uploads\/2022\/10\/Screenshot-2022-10-06-114303-150x150.png"},{"label":"Tema Gr\u00fcn","price":"","image":"https:\/\/tesler.ee\/wp-content\/uploads\/2022\/10\/Screenshot-2022-10-06-114421.png","image_id":"1601","thumb":"https:\/\/tesler.ee\/wp-content\/uploads\/2022\/10\/Screenshot-2022-10-06-114421-150x150.png"},{"label":"Ziegelrot","price":"","image":"https:\/\/tesler.ee\/wp-content\/uploads\/2023\/02\/Icopal_tellisepunane_1.jpg","image_id":"4601","thumb":"https:\/\/tesler.ee\/wp-content\/uploads\/2023\/02\/Icopal_tellisepunane_1-150x150.jpg"},{"label":"Grau","price":"","image":"https:\/\/tesler.ee\/wp-content\/uploads\/2022\/10\/Screenshot_2023-02-10_at_14.00.15.jpg","image_id":"3949","thumb":"https:\/\/tesler.ee\/wp-content\/uploads\/2022\/10\/Screenshot_2023-02-10_at_14.00.15-150x150.jpg"},{"label":"Hr\u00fcn","price":"","image":"https:\/\/tesler.ee\/wp-content\/uploads\/2023\/02\/Icopal_roheline_1.jpg","image_id":"4596","thumb":"https:\/\/tesler.ee\/wp-content\/uploads\/2023\/02\/Icopal_roheline_1-150x150.jpg"},{"label":"Braun","price":"","image":"https:\/\/tesler.ee\/wp-content\/uploads\/2023\/02\/Icopal_pruun_1.jpg","image_id":"4591","thumb":"https:\/\/tesler.ee\/wp-content\/uploads\/2023\/02\/Icopal_pruun_1-150x150.jpg"}],"relations":false,"form_id":6421,"form_rules":{"pric_cal_option_once":false,"exclude_from_discount":false,"pric_use_as_fee":false,"fee_label":"Maksud","render_after_acb":false,"disp_hide_options_price":false}},{"type":"image-group","required":true,"label":"V\u00e4lisviimistlus v\u00e4rv","elementId":"wcpa-image-group-63ea3cb637eec","description":"Komplektis. Tegelikkuses v\u00f5ivad v\u00e4rvid erineda","inline":true,"priceOptions":"different_for_all","pricingType":"fixed","enable_popup":"no","name":"image-group-63ea3cb637ef0","hideImageIn_cart":true,"hideImageIn_order":true,"hideFieldIn_cart":true,"disp_type":"square","img_selection_type":"shadow","other_text":"Other","cl_rule":"show","col":6,"values":[{"label":"Pinie RC 260","price":"","image":"https:\/\/tesler.ee\/wp-content\/uploads\/2022\/10\/pinie-700x366-1.webp","image_id":"1582","thumb":"https:\/\/tesler.ee\/wp-content\/uploads\/2022\/10\/pinie-700x366-1-150x150.webp"},{"label":"Teak RC 545","price":"","image":"https:\/\/tesler.ee\/wp-content\/uploads\/2022\/10\/262_89-e1677503876428.webp","image_id":"3420","thumb":"https:\/\/tesler.ee\/wp-content\/uploads\/2022\/10\/262_89-e1677503876428-150x150.webp"},{"label":"Kastanie RC 555","price":"","image":"https:\/\/tesler.ee\/wp-content\/uploads\/2022\/10\/kastanie-700x368-1.webp","image_id":"1584","thumb":"https:\/\/tesler.ee\/wp-content\/uploads\/2022\/10\/kastanie-700x368-1-150x150.webp"},{"label":"Tannengr\u00fcn RC 960","price":"","image":"https:\/\/tesler.ee\/wp-content\/uploads\/2022\/10\/tannengru\u0308n-700x360-1.webp","image_id":"1585","thumb":"https:\/\/tesler.ee\/wp-content\/uploads\/2022\/10\/tannengru\u0308n-700x360-1-150x150.webp"},{"label":"Mahagoni RC 565","price":"","image":"https:\/\/tesler.ee\/wp-content\/uploads\/2022\/10\/mahagoni-700x362-1.webp","image_id":"1586","thumb":"https:\/\/tesler.ee\/wp-content\/uploads\/2022\/10\/mahagoni-700x362-1-150x150.webp"},{"label":"Palisander RC 720","price":"","image":"https:\/\/tesler.ee\/wp-content\/uploads\/2022\/10\/palisander-700x363-1.webp","image_id":"1587","thumb":"https:\/\/tesler.ee\/wp-content\/uploads\/2022\/10\/palisander-700x363-1-150x150.webp"},{"label":"Silbergrau RC 970","price":"","image":"https:\/\/tesler.ee\/wp-content\/uploads\/2022\/10\/silbergrau-700x281-1.webp","image_id":"1588","thumb":"https:\/\/tesler.ee\/wp-content\/uploads\/2022\/10\/silbergrau-700x281-1-150x150.webp"},{"label":"Nussbaum RC 660","price":"","image":"https:\/\/tesler.ee\/wp-content\/uploads\/2022\/10\/nussbaum-700x366-1.webp","image_id":"1589","thumb":"https:\/\/tesler.ee\/wp-content\/uploads\/2022\/10\/nussbaum-700x366-1-150x150.webp"},{"label":"Kiefer RC 270","price":"","image":"https:\/\/tesler.ee\/wp-content\/uploads\/2022\/10\/kiefer-700x364-1.webp","image_id":"1590","thumb":"https:\/\/tesler.ee\/wp-content\/uploads\/2022\/10\/kiefer-700x364-1-150x150.webp"},{"label":"Eiche rustikal RC 360","price":"","image":"https:\/\/tesler.ee\/wp-content\/uploads\/2022\/10\/eiche-rustikal-700x363-1.webp","image_id":"1591","thumb":"https:\/\/tesler.ee\/wp-content\/uploads\/2022\/10\/eiche-rustikal-700x363-1-150x150.webp"},{"label":"Eiche hell RC 365","price":"","image":"https:\/\/tesler.ee\/wp-content\/uploads\/2022\/10\/eiche-hell-700x358-1.webp","image_id":"1592","thumb":"https:\/\/tesler.ee\/wp-content\/uploads\/2022\/10\/eiche-hell-700x358-1-150x150.webp"},{"label":"Hemlock RC 120","price":"","image":"https:\/\/tesler.ee\/wp-content\/uploads\/2022\/10\/hemlock-700x361-1.webp","image_id":"1593","thumb":"https:\/\/tesler.ee\/wp-content\/uploads\/2022\/10\/hemlock-700x361-1-150x150.webp"},{"label":"Weiss RC 990","price":"","image":"https:\/\/tesler.ee\/wp-content\/uploads\/2022\/10\/weiss-700x364-1.webp","image_id":"1594","thumb":"https:\/\/tesler.ee\/wp-content\/uploads\/2022\/10\/weiss-700x364-1-150x150.webp"},{"label":"Ebenholz RC 790","price":"","image":"https:\/\/tesler.ee\/wp-content\/uploads\/2022\/10\/ebenholz-700x368-1.webp","image_id":"1595","thumb":"https:\/\/tesler.ee\/wp-content\/uploads\/2022\/10\/ebenholz-700x368-1-150x150.webp"},{"label":"Salzgr\u00fcn RC 965","price":"","image":"https:\/\/tesler.ee\/wp-content\/uploads\/2022\/10\/salzgru\u0308n-700x365-1.webp","image_id":"1596","thumb":"https:\/\/tesler.ee\/wp-content\/uploads\/2022\/10\/salzgru\u0308n-700x365-1-150x150.webp"}],"relations":false,"form_id":6421,"form_rules":{"pric_cal_option_once":false,"exclude_from_discount":false,"pric_use_as_fee":false,"fee_label":"Maksud","render_after_acb":false,"disp_hide_options_price":false}}]},"yoast_head":"<!-- This site is optimized with the Yoast SEO plugin v27.5 - https:\/\/yoast.com\/product\/yoast-seo-wordpress\/ -->\n<title>Kleine Delux (3.3m) - Tesler<\/title>\n<meta name=\"robots\" content=\"index, follow, max-snippet:-1, max-image-preview:large, max-video-preview:-1\" \/>\n<link rel=\"canonical\" href=\"https:\/\/tesler.ee\/de\/toode\/kleine-delux-3-3m\/\" \/>\n<meta property=\"og:locale\" content=\"de_DE\" \/>\n<meta property=\"og:type\" content=\"article\" \/>\n<meta property=\"og:title\" content=\"Kleine Delux (3.3m) - Tesler\" \/>\n<meta property=\"og:description\" content=\"Luxus wurde geschaffen, um genossen zu werden, genau wie ein gutes hei\u00dfes Sandwich und kalte Erfrischungen. In der Delux-Sauna k\u00f6nnen Sie beides genie\u00dfen und sich wie ein alter R\u00f6mer in den legend\u00e4ren Caracalla-Thermen f\u00fchlen. &nbsp;\" \/>\n<meta property=\"og:url\" content=\"https:\/\/tesler.ee\/de\/toode\/kleine-delux-3-3m\/\" \/>\n<meta property=\"og:site_name\" content=\"Tesler\" \/>\n<meta property=\"article:publisher\" content=\"https:\/\/www.facebook.com\/people\/Tesler-Grupp\/100054456791911\/\" \/>\n<meta property=\"article:modified_time\" content=\"2025-09-16T13:57:43+00:00\" \/>\n<meta property=\"og:image\" content=\"https:\/\/tesler.ee\/wp-content\/uploads\/2025\/03\/delux-350-cm-v8-1-1024x660.png\" \/>\n\t<meta property=\"og:image:width\" content=\"1024\" \/>\n\t<meta property=\"og:image:height\" content=\"660\" \/>\n\t<meta property=\"og:image:type\" content=\"image\/png\" \/>\n<meta name=\"twitter:card\" content=\"summary_large_image\" \/>\n<meta name=\"twitter:label1\" content=\"Gesch\u00e4tzte Lesezeit\" \/>\n\t<meta name=\"twitter:data1\" content=\"1\u00a0Minute\" \/>\n<script type=\"application\/ld+json\" class=\"yoast-schema-graph\">{\"@context\":\"https:\\\/\\\/schema.org\",\"@graph\":[{\"@type\":\"WebPage\",\"@id\":\"https:\\\/\\\/tesler.ee\\\/de\\\/toode\\\/kleine-delux-3-3m\\\/\",\"url\":\"https:\\\/\\\/tesler.ee\\\/de\\\/toode\\\/kleine-delux-3-3m\\\/\",\"name\":\"Kleine Delux (3.3m) - Tesler\",\"isPartOf\":{\"@id\":\"https:\\\/\\\/tesler.ee\\\/#website\"},\"primaryImageOfPage\":{\"@id\":\"https:\\\/\\\/tesler.ee\\\/de\\\/toode\\\/kleine-delux-3-3m\\\/#primaryimage\"},\"image\":{\"@id\":\"https:\\\/\\\/tesler.ee\\\/de\\\/toode\\\/kleine-delux-3-3m\\\/#primaryimage\"},\"thumbnailUrl\":\"https:\\\/\\\/tesler.ee\\\/wp-content\\\/uploads\\\/2025\\\/03\\\/delux-350-cm-v8-1.png\",\"datePublished\":\"2022-07-03T12:09:54+00:00\",\"dateModified\":\"2025-09-16T13:57:43+00:00\",\"breadcrumb\":{\"@id\":\"https:\\\/\\\/tesler.ee\\\/de\\\/toode\\\/kleine-delux-3-3m\\\/#breadcrumb\"},\"inLanguage\":\"de\",\"potentialAction\":[{\"@type\":\"ReadAction\",\"target\":[\"https:\\\/\\\/tesler.ee\\\/de\\\/toode\\\/kleine-delux-3-3m\\\/\"]}]},{\"@type\":\"ImageObject\",\"inLanguage\":\"de\",\"@id\":\"https:\\\/\\\/tesler.ee\\\/de\\\/toode\\\/kleine-delux-3-3m\\\/#primaryimage\",\"url\":\"https:\\\/\\\/tesler.ee\\\/wp-content\\\/uploads\\\/2025\\\/03\\\/delux-350-cm-v8-1.png\",\"contentUrl\":\"https:\\\/\\\/tesler.ee\\\/wp-content\\\/uploads\\\/2025\\\/03\\\/delux-350-cm-v8-1.png\",\"width\":2000,\"height\":1290},{\"@type\":\"BreadcrumbList\",\"@id\":\"https:\\\/\\\/tesler.ee\\\/de\\\/toode\\\/kleine-delux-3-3m\\\/#breadcrumb\",\"itemListElement\":[{\"@type\":\"ListItem\",\"position\":1,\"name\":\"Home\",\"item\":\"https:\\\/\\\/tesler.ee\\\/de\\\/hauptseite\\\/\"},{\"@type\":\"ListItem\",\"position\":2,\"name\":\"Shop\",\"item\":\"https:\\\/\\\/tesler.ee\\\/de\\\/shop\\\/\"},{\"@type\":\"ListItem\",\"position\":3,\"name\":\"Kleine Delux (3.3m)\"}]},{\"@type\":\"WebSite\",\"@id\":\"https:\\\/\\\/tesler.ee\\\/#website\",\"url\":\"https:\\\/\\\/tesler.ee\\\/\",\"name\":\"Tesler.ee\",\"description\":\"Tervislik olemine v&otilde;ib olla l&otilde;&otilde;gastav\",\"potentialAction\":[{\"@type\":\"SearchAction\",\"target\":{\"@type\":\"EntryPoint\",\"urlTemplate\":\"https:\\\/\\\/tesler.ee\\\/?s={search_term_string}\"},\"query-input\":{\"@type\":\"PropertyValueSpecification\",\"valueRequired\":true,\"valueName\":\"search_term_string\"}}],\"inLanguage\":\"de\"}]}<\/script>\n<!-- \/ Yoast SEO plugin. -->","yoast_head_json":{"title":"Kleine Delux (3.3m) - Tesler","robots":{"index":"index","follow":"follow","max-snippet":"max-snippet:-1","max-image-preview":"max-image-preview:large","max-video-preview":"max-video-preview:-1"},"canonical":"https:\/\/tesler.ee\/de\/toode\/kleine-delux-3-3m\/","og_locale":"de_DE","og_type":"article","og_title":"Kleine Delux (3.3m) - Tesler","og_description":"Luxus wurde geschaffen, um genossen zu werden, genau wie ein gutes hei\u00dfes Sandwich und kalte Erfrischungen. In der Delux-Sauna k\u00f6nnen Sie beides genie\u00dfen und sich wie ein alter R\u00f6mer in den legend\u00e4ren Caracalla-Thermen f\u00fchlen. &nbsp;","og_url":"https:\/\/tesler.ee\/de\/toode\/kleine-delux-3-3m\/","og_site_name":"Tesler","article_publisher":"https:\/\/www.facebook.com\/people\/Tesler-Grupp\/100054456791911\/","article_modified_time":"2025-09-16T13:57:43+00:00","og_image":[{"width":1024,"height":660,"url":"https:\/\/tesler.ee\/wp-content\/uploads\/2025\/03\/delux-350-cm-v8-1-1024x660.png","type":"image\/png"}],"twitter_card":"summary_large_image","twitter_misc":{"Gesch\u00e4tzte Lesezeit":"1\u00a0Minute"},"schema":{"@context":"https:\/\/schema.org","@graph":[{"@type":"WebPage","@id":"https:\/\/tesler.ee\/de\/toode\/kleine-delux-3-3m\/","url":"https:\/\/tesler.ee\/de\/toode\/kleine-delux-3-3m\/","name":"Kleine Delux (3.3m) - Tesler","isPartOf":{"@id":"https:\/\/tesler.ee\/#website"},"primaryImageOfPage":{"@id":"https:\/\/tesler.ee\/de\/toode\/kleine-delux-3-3m\/#primaryimage"},"image":{"@id":"https:\/\/tesler.ee\/de\/toode\/kleine-delux-3-3m\/#primaryimage"},"thumbnailUrl":"https:\/\/tesler.ee\/wp-content\/uploads\/2025\/03\/delux-350-cm-v8-1.png","datePublished":"2022-07-03T12:09:54+00:00","dateModified":"2025-09-16T13:57:43+00:00","breadcrumb":{"@id":"https:\/\/tesler.ee\/de\/toode\/kleine-delux-3-3m\/#breadcrumb"},"inLanguage":"de","potentialAction":[{"@type":"ReadAction","target":["https:\/\/tesler.ee\/de\/toode\/kleine-delux-3-3m\/"]}]},{"@type":"ImageObject","inLanguage":"de","@id":"https:\/\/tesler.ee\/de\/toode\/kleine-delux-3-3m\/#primaryimage","url":"https:\/\/tesler.ee\/wp-content\/uploads\/2025\/03\/delux-350-cm-v8-1.png","contentUrl":"https:\/\/tesler.ee\/wp-content\/uploads\/2025\/03\/delux-350-cm-v8-1.png","width":2000,"height":1290},{"@type":"BreadcrumbList","@id":"https:\/\/tesler.ee\/de\/toode\/kleine-delux-3-3m\/#breadcrumb","itemListElement":[{"@type":"ListItem","position":1,"name":"Home","item":"https:\/\/tesler.ee\/de\/hauptseite\/"},{"@type":"ListItem","position":2,"name":"Shop","item":"https:\/\/tesler.ee\/de\/shop\/"},{"@type":"ListItem","position":3,"name":"Kleine Delux (3.3m)"}]},{"@type":"WebSite","@id":"https:\/\/tesler.ee\/#website","url":"https:\/\/tesler.ee\/","name":"Tesler.ee","description":"Tervislik olemine v&otilde;ib olla l&otilde;&otilde;gastav","potentialAction":[{"@type":"SearchAction","target":{"@type":"EntryPoint","urlTemplate":"https:\/\/tesler.ee\/?s={search_term_string}"},"query-input":{"@type":"PropertyValueSpecification","valueRequired":true,"valueName":"search_term_string"}}],"inLanguage":"de"}]}},"_links":{"self":[{"href":"https:\/\/tesler.ee\/de\/wp-json\/wp\/v2\/product\/5031","targetHints":{"allow":["GET"]}}],"collection":[{"href":"https:\/\/tesler.ee\/de\/wp-json\/wp\/v2\/product"}],"about":[{"href":"https:\/\/tesler.ee\/de\/wp-json\/wp\/v2\/types\/product"}],"wp:featuredmedia":[{"embeddable":true,"href":"https:\/\/tesler.ee\/de\/wp-json\/wp\/v2\/media\/6760"}],"wp:attachment":[{"href":"https:\/\/tesler.ee\/de\/wp-json\/wp\/v2\/media?parent=5031"}],"wp:term":[{"taxonomy":"product_brand","embeddable":true,"href":"https:\/\/tesler.ee\/de\/wp-json\/wp\/v2\/product_brand?post=5031"},{"taxonomy":"product_cat","embeddable":true,"href":"https:\/\/tesler.ee\/de\/wp-json\/wp\/v2\/product_cat?post=5031"},{"taxonomy":"product_tag","embeddable":true,"href":"https:\/\/tesler.ee\/de\/wp-json\/wp\/v2\/product_tag?post=5031"}],"curies":[{"name":"wp","href":"https:\/\/api.w.org\/{rel}","templated":true}]}}