{"id":3131,"date":"2022-06-01T16:00:32","date_gmt":"2022-06-01T16:00:32","guid":{"rendered":"https:\/\/tesler.ee\/toode\/schoene-kleine-sauna-26-m\/"},"modified":"2024-04-29T10:12:39","modified_gmt":"2024-04-29T10:12:39","slug":"iglusaun-2-7m","status":"publish","type":"product","link":"https:\/\/tesler.ee\/de\/toode\/iglusaun-2-7m\/","title":{"rendered":"Nette kleine Iglusauna (2.7m)"},"content":{"rendered":"<p><b>Nette kleine Iglusauna (2.7m) <\/b><b><\/b><\/p>\n<ul>\n<li>Die W\u00e4nde sind aus 40 mm Fichte<\/li>\n<li>Das Dach ist mit Icopal Plano Waben bedeckt<\/li>\n<li>Die Au\u00dfenveredelung erfolgt mit Remmers HK Lasur oder Tikkurila Terrassen\u00f6l<\/li>\n<li>Die Holzt\u00fcr ist abschlie\u00dfbar und hat ein Fenster<\/li>\n<li>Der Dampf wird entweder in einem holzbeheizten Hitzstein oder in einem Elektroheizer erzeugt<\/li>\n<li>F\u00fcr Frischluft sorgt das Bel\u00fcftungssystem<\/li>\n<li>Das Volumen des Wassertanks betr\u00e4gt je nach Wunsch des Auftraggebers entweder 30 oder 40 Liter<\/li>\n<li>Der Saunaraum verf\u00fcgt \u00fcber eine B\u00fchne und Sitzb\u00e4nke aus Erlenholz<\/li>\n<li>Im Saunaraum sind Bodengitter<\/li>\n<li>Wenn Sie m\u00f6chten, k\u00f6nnen Sie die Sauna als Gesamtpaket bestellen, indem Sie uns hier kontaktieren<\/li>\n<\/ul>\n<p><strong>Saunen ben\u00f6tigen keine Baugenehmigung<\/strong><\/p>\n","protected":false},"excerpt":{"rendered":"<p><b>Wenn der eine Nachbar schon eine Fasssauna und der andere eine ovale Sauna hat, dann nehmen Sie doch eine Iglusauna. Dann sind Sie wie Ihre Nachbarn \u2013 ein einfallsreicher Mensch.<\/b><\/p>\n","protected":false},"featured_media":2469,"template":"","meta":{"_acf_changed":false,"inline_featured_image":false},"product_brand":[],"product_cat":[68],"product_tag":[],"class_list":{"0":"post-3131","1":"product","2":"type-product","3":"status-publish","4":"has-post-thumbnail","6":"product_cat-iglu-saunen","7":"wcpa_has_options","9":"first","10":"instock","11":"taxable","12":"shipping-taxable","13":"purchasable","14":"product-type-variable"},"acf":[],"wcpa_form_fields":{"rules":{"pric_overide_base_price":false,"pric_overide_base_price_if_gt_zero":false,"pric_overide_base_price_fully":false,"pric_cal_option_once":false,"pric_use_as_fee":false,"bind_quantity":false,"quantity_bind_formula":false},"fields":[{"type":"image-group","required":true,"label":"T\u00fcren","elementId":"wcpa-image-group-1674736351880","description":"Inbegriffen","inline":true,"priceOptions":"different_for_all","pricingType":"fixed","enable_popup":"no","name":"image-group-1674736351878","hideImageIn_cart":true,"hideImageIn_order":true,"hideFieldIn_cart":true,"disp_type":"square","img_selection_type":"shadow","other_text":"Other","cl_rule":"show","col":6,"values":[{"label":"Halbglas\/Holz, abschlie\u00dfbar","price":"","image":"https:\/\/tesler.ee\/wp-content\/uploads\/2022\/10\/pod-uks-V4_1.webp","image_id":"4010","thumb":"https:\/\/tesler.ee\/wp-content\/uploads\/2022\/10\/pod-uks-V1-150x150.webp"},{"label":"Halbglas\/Holz, abschlie\u00dfbar, ohne Rahmen","price":"","image":"https:\/\/tesler.ee\/wp-content\/uploads\/2022\/10\/pod-uks-V3.webp","image_id":"4020","thumb":"https:\/\/tesler.ee\/wp-content\/uploads\/2022\/10\/pod-uks-V3-150x150.webp"},{"label":"Vollglas\/Holz, abschlie\u00dfbar ","price":"","image":"https:\/\/tesler.ee\/wp-content\/uploads\/2022\/10\/pod-uks-V2.webp","image_id":"4015","thumb":"https:\/\/tesler.ee\/wp-content\/uploads\/2022\/10\/pod-uks-V2-150x150.webp"},{"label":"Glast\u00fcr","price":"","image":"https:\/\/tesler.ee\/wp-content\/uploads\/2022\/10\/pod-uks-V2.webp","image_id":"4337","thumb":"https:\/\/tesler.ee\/wp-content\/uploads\/2022\/10\/pod-uks-V4_1-150x150.webp"}],"relations":false,"form_id":3485,"form_rules":{"pric_cal_option_once":false,"exclude_from_discount":false,"pric_use_as_fee":false,"fee_label":"Maksud","render_after_acb":false,"disp_hide_options_price":false}},{"type":"image-group","label":"Fenster","elementId":"wcpa-image-group-1666001402899","inline":true,"enablePrice":true,"priceOptions":"different_for_all","pricingType":"fixed","enable_popup":"no","name":"image-group-1666001402899","hideImageIn_cart":true,"hideImageIn_order":true,"hideFieldIn_cart":true,"disp_type":"square","img_selection_type":"shadow","other_text":"Other","cl_rule":"show","col":6,"values":[{"label":"Vollbogenfenster","price":"800","image":"https:\/\/tesler.ee\/wp-content\/uploads\/2022\/10\/Pod-taissein.webp","image_id":"4000","thumb":"https:\/\/tesler.ee\/wp-content\/uploads\/2022\/10\/Pod-taissein-150x150.webp"},{"label":"Halbbogenfenster","price":"400","image":"https:\/\/tesler.ee\/wp-content\/uploads\/2022\/10\/Pod-poolkaar-aken.webp","image_id":"4005","thumb":"https:\/\/tesler.ee\/wp-content\/uploads\/2022\/10\/Pod-poolkaar-aken-150x150.webp"},{"label":"400\u00d7400 mm, zu \u00f6ffnen","price":"75","image":"https:\/\/tesler.ee\/wp-content\/uploads\/2022\/10\/Pod-aknaga-40x40-cm.webp","image_id":"3990","thumb":"https:\/\/tesler.ee\/wp-content\/uploads\/2022\/10\/Pod-aknaga-40x40-cm-150x150.webp"},{"label":"Rund, 400 mm, geschlossen","price":"110","image":"https:\/\/tesler.ee\/wp-content\/uploads\/2022\/10\/Pod-poolkaar-aken.webp","image_id":"4132","thumb":"https:\/\/tesler.ee\/wp-content\/uploads\/2022\/10\/Pod-aknaga-D40_cm-150x150.webp"},{"label":"350\u00d7750 mm geschlossenes Fenster","price":"110","image":"https:\/\/tesler.ee\/wp-content\/uploads\/2022\/10\/Pod-taissein.webp","image_id":"3995","thumb":"https:\/\/tesler.ee\/wp-content\/uploads\/2022\/10\/Pod-aknaga-30x70-cm-150x150.webp"},{"label":"350\u00d7750 mm zu \u00f6ffnendes Fenster","price":"130","image":"https:\/\/tesler.ee\/wp-content\/uploads\/2022\/10\/Pod-aknaga-30x70-cm.webp","image_id":"3995","thumb":"https:\/\/tesler.ee\/wp-content\/uploads\/2022\/10\/Pod-aknaga-30x70-cm-150x150.webp"}],"relations":false,"price":0,"form_id":3485,"form_rules":{"pric_cal_option_once":false,"exclude_from_discount":false,"pric_use_as_fee":false,"fee_label":"Maksud","render_after_acb":false,"disp_hide_options_price":false}},{"type":"image-group","label":"Hitzsteine","elementId":"wcpa-image-group-1666001403427","inline":true,"enablePrice":true,"priceOptions":"different_for_all","pricingType":"fixed","disp_size_img":"150","enable_popup":"no","name":"image-group-1666001403427","hideImageIn_cart":true,"hideImageIn_order":true,"hideFieldIn_cart":true,"disp_type":"square","img_selection_type":"shadow","other_text":"Other","cl_rule":"show","col":6,"values":[{"label":"Harvia M3 + Schornsteinsatz","price":"750","image":"https:\/\/tesler.ee\/wp-content\/uploads\/2023\/01\/b9f00fa7bf1a52d89b2c34e87ed86ba2.webp","image_id":"4522","thumb":"https:\/\/tesler.ee\/wp-content\/uploads\/2023\/02\/Havia-M3-150x150.webp"},{"label":"Huum Heat 12 mit Schornstein","price":"1490","image":"https:\/\/tesler.ee\/wp-content\/uploads\/2023\/01\/Huum_keris.webp","image_id":"3609","thumb":"https:\/\/tesler.ee\/wp-content\/uploads\/2022\/10\/Huum-Heat-12-1-150x150.webp"},{"label":"Stoveman 13 serie","price":"990","image":"https:\/\/tesler.ee\/wp-content\/uploads\/2023\/01\/stoveman_heavy_24.webp","image_id":"4527","thumb":"https:\/\/tesler.ee\/wp-content\/uploads\/2023\/02\/Cozy12-150x150.webp"},{"label":"Harvia Cilindro PC90 (elektrischer Heizer)","price":"390","image":"https:\/\/tesler.ee\/wp-content\/uploads\/2023\/01\/Cilindro_harvia.webp","image_id":"1707","thumb":"https:\/\/tesler.ee\/wp-content\/uploads\/2023\/01\/Cilindro_harvia-150x150.webp"}],"relations":false,"price":0,"form_id":3485,"form_rules":{"pric_cal_option_once":false,"exclude_from_discount":false,"pric_use_as_fee":false,"fee_label":"Maksud","render_after_acb":false,"disp_hide_options_price":false}},{"type":"image-group","label":"Wacholderwand","elementId":"wcpa-image-group-1666001403874","inline":true,"enablePrice":true,"priceOptions":"different_for_all","pricingType":"fixed","enable_popup":"no","name":"image-group-1666001403874","hideImageIn_cart":true,"hideImageIn_order":true,"hideFieldIn_cart":true,"disp_type":"square","img_selection_type":"shadow","other_text":"Other","cl_rule":"show","col":6,"values":[{"label":"Halbbogen-Wacholderwand","price":"290","image":"https:\/\/tesler.ee\/wp-content\/uploads\/2022\/10\/IMG-20220926-WA0000.webp","image_id":"3734","thumb":"https:\/\/tesler.ee\/wp-content\/uploads\/2022\/10\/IMG-20220926-WA0000-150x150.webp"},{"label":"Vollkreis-Wacholderwand","price":"580","image":"https:\/\/tesler.ee\/wp-content\/uploads\/2022\/10\/20220412_143459.webp","image_id":"3464","thumb":"https:\/\/tesler.ee\/wp-content\/uploads\/2022\/10\/20220412_143459-150x150.webp"}],"relations":false,"price":0,"form_id":3485,"form_rules":{"pric_cal_option_once":false,"exclude_from_discount":false,"pric_use_as_fee":false,"fee_label":"Maksud","render_after_acb":false,"disp_hide_options_price":false}},{"type":"image-group","label":"LED-Beleuchtung","elementId":"wcpa-image-group-1666001404255","inline":true,"enablePrice":true,"priceOptions":"different_for_all","pricingType":"fixed","enable_popup":"no","multiple":true,"name":"image-group-1666001404255","hideImageIn_cart":true,"hideImageIn_order":true,"hideFieldIn_cart":true,"disp_type":"square","img_selection_type":"shadow","other_text":"Other","cl_rule":"show","col":6,"values":[{"label":"LED-Leiste im Saunaraum","price":"190","image":"https:\/\/tesler.ee\/wp-content\/uploads\/2022\/10\/20220412_211108.webp","image_id":"3739","thumb":"https:\/\/tesler.ee\/wp-content\/uploads\/2022\/10\/20220412_211108-150x150.webp"},{"label":"LED-Leuchte","price":"120","image":"https:\/\/tesler.ee\/wp-content\/uploads\/2023\/02\/ledvalgusti-1.webp","image_id":"4843","thumb":"https:\/\/tesler.ee\/wp-content\/uploads\/2023\/02\/ledvalgusti-1-150x150.webp"}],"relations":false,"price":0,"form_id":3485,"form_rules":{"pric_cal_option_once":false,"exclude_from_discount":false,"pric_use_as_fee":false,"fee_label":"Maksud","render_after_acb":false,"disp_hide_options_price":false}},{"type":"image-group","label":"Wassertank","elementId":"wcpa-image-group-1666002507484","inline":true,"enablePrice":true,"priceOptions":"different_for_all","pricingType":"fixed","enable_popup":"no","name":"image-group-1666002507484","hideImageIn_cart":true,"hideImageIn_order":true,"hideFieldIn_cart":true,"disp_type":"square","img_selection_type":"shadow","other_text":"Other","cl_rule":"show","col":6,"values":[{"label":"Wassertank 30L","price":"120","image":"https:\/\/tesler.ee\/wp-content\/uploads\/2022\/10\/veepaak.webp","image_id":"3619","thumb":"https:\/\/tesler.ee\/wp-content\/uploads\/2022\/10\/veepaak-150x150.webp"},{"label":"Wassertank 40L","price":"140","image":"https:\/\/tesler.ee\/wp-content\/uploads\/2022\/10\/veepaak.webp","image_id":"3619","thumb":"https:\/\/tesler.ee\/wp-content\/uploads\/2022\/10\/veepaak-150x150.webp"}],"relations":false,"price":0,"form_id":3485,"form_rules":{"pric_cal_option_once":false,"exclude_from_discount":false,"pric_use_as_fee":false,"fee_label":"Maksud","render_after_acb":false,"disp_hide_options_price":false}},{"type":"image-group","required":true,"label":"Dachdeckung \/ Farbe","elementId":"wcpa-image-group-1666001404950","description":"Inbegriffen","inline":true,"priceOptions":"different_for_all","pricingType":"fixed","enable_popup":"no","name":"image-group-1666001404950","hideImageIn_cart":true,"hideImageIn_order":true,"hideFieldIn_cart":true,"disp_type":"square","img_selection_type":"shadow","other_text":"Other","cl_rule":"show","col":6,"values":[{"label":"Schwarz","price":"","image":"https:\/\/tesler.ee\/wp-content\/uploads\/2022\/10\/Screenshot-2022-10-06-114108.png","image_id":"1597","thumb":"https:\/\/tesler.ee\/wp-content\/uploads\/2022\/10\/Screenshot-2022-10-06-114108-150x150.png"},{"label":"Braun, Tema Braun","price":"","image":"https:\/\/tesler.ee\/wp-content\/uploads\/2022\/10\/Screenshot-2022-10-06-114344.png","image_id":"1600","thumb":"https:\/\/tesler.ee\/wp-content\/uploads\/2022\/10\/Screenshot-2022-10-06-114344-150x150.png"},{"label":"Rot, Tema Rot","price":"","image":"https:\/\/tesler.ee\/wp-content\/uploads\/2022\/10\/Screenshot-2022-10-06-114303.png","image_id":"1599","thumb":"https:\/\/tesler.ee\/wp-content\/uploads\/2022\/10\/Screenshot-2022-10-06-114303-150x150.png"},{"label":"Gr\u00fcn, Tema Gr\u00fcn","price":"","image":"https:\/\/tesler.ee\/wp-content\/uploads\/2022\/10\/Screenshot-2022-10-06-114421.png","image_id":"1601","thumb":"https:\/\/tesler.ee\/wp-content\/uploads\/2022\/10\/Screenshot-2022-10-06-114421-150x150.png"},{"label":"Ziegelrot","price":"","image":"https:\/\/tesler.ee\/wp-content\/uploads\/2022\/10\/082651_E1_ae61-e1675254690324.webp","image_id":"4601","thumb":"https:\/\/tesler.ee\/wp-content\/uploads\/2023\/02\/Icopal_tellisepunane_1-150x150.jpg"},{"label":"Grau","price":"","image":"https:\/\/tesler.ee\/wp-content\/uploads\/2022\/10\/Hexagonal-grey.jpg","image_id":"3949","thumb":"https:\/\/tesler.ee\/wp-content\/uploads\/2022\/10\/Screenshot_2023-02-10_at_14.00.15-150x150.jpg"},{"label":"Gr\u00fcn","price":"","image":"https:\/\/tesler.ee\/wp-content\/uploads\/2023\/02\/Icopal_roheline_1.jpg","image_id":"4596","thumb":"https:\/\/tesler.ee\/wp-content\/uploads\/2023\/02\/Icopal_roheline_1-150x150.jpg"},{"label":"Braun","price":"","image":"https:\/\/tesler.ee\/wp-content\/uploads\/2023\/02\/Icopal_pruun_1.jpg","image_id":"4591","thumb":"https:\/\/tesler.ee\/wp-content\/uploads\/2023\/02\/Icopal_pruun_1-150x150.jpg"}],"relations":false,"form_id":3485,"form_rules":{"pric_cal_option_once":false,"exclude_from_discount":false,"pric_use_as_fee":false,"fee_label":"Maksud","render_after_acb":false,"disp_hide_options_price":false}},{"type":"image-group","required":true,"label":"Farbe f\u00fcr Au\u00dfenverarbeitung","elementId":"wcpa-image-group-1666001404619","description":"Inbegriffen","inline":true,"priceOptions":"different_for_all","pricingType":"fixed","enable_popup":"no","name":"image-group-1666001404619","hideImageIn_cart":true,"hideImageIn_order":true,"hideFieldIn_cart":true,"disp_type":"square","img_selection_type":"shadow","other_text":"Other","cl_rule":"show","col":6,"values":[{"label":"Remmers HK Lasur (Farbkarte)","price":"","image":"https:\/\/tesler.ee\/wp-content\/uploads\/2022\/10\/hemlock-700x361-1.webp","image_id":"1582","thumb":"https:\/\/tesler.ee\/wp-content\/uploads\/2022\/10\/pinie-700x366-1-150x150.webp"},{"label":"Tikkurila Terrassen\u00f6l braun, schwarz, grau","price":"","image":"https:\/\/tesler.ee\/wp-content\/uploads\/2022\/10\/nussbaum-700x366-1.webp","image_id":"3420","thumb":"https:\/\/tesler.ee\/wp-content\/uploads\/2022\/10\/262_89-e1677503876428-150x150.webp"},{"label":"Kastanie RC 555","price":"","image":"https:\/\/tesler.ee\/wp-content\/uploads\/2022\/10\/kastanie-700x368-1.webp","image_id":"1584","thumb":"https:\/\/tesler.ee\/wp-content\/uploads\/2022\/10\/kastanie-700x368-1-150x150.webp"},{"label":"Tannengr\u00fcn RC 960","price":"","image":"https:\/\/tesler.ee\/wp-content\/uploads\/2022\/10\/tannengru\u0308n-700x360-1.webp","image_id":"1585","thumb":"https:\/\/tesler.ee\/wp-content\/uploads\/2022\/10\/tannengru\u0308n-700x360-1-150x150.webp"},{"label":"Mahagoni RC 565","price":"","image":"https:\/\/tesler.ee\/wp-content\/uploads\/2022\/10\/mahagoni-700x362-1.webp","image_id":"1586","thumb":"https:\/\/tesler.ee\/wp-content\/uploads\/2022\/10\/mahagoni-700x362-1-150x150.webp"},{"label":"Palisander RC 720","price":"","image":"https:\/\/tesler.ee\/wp-content\/uploads\/2022\/10\/palisander-700x363-1.webp","image_id":"1587","thumb":"https:\/\/tesler.ee\/wp-content\/uploads\/2022\/10\/palisander-700x363-1-150x150.webp"},{"label":"Silbergrau RC 970","price":"","image":"https:\/\/tesler.ee\/wp-content\/uploads\/2022\/10\/silbergrau-700x281-1.webp","image_id":"1588","thumb":"https:\/\/tesler.ee\/wp-content\/uploads\/2022\/10\/silbergrau-700x281-1-150x150.webp"},{"label":"Nussbaum RC 660","price":"","image":"https:\/\/tesler.ee\/wp-content\/uploads\/2022\/10\/nussbaum-700x366-1.webp","image_id":"1589","thumb":"https:\/\/tesler.ee\/wp-content\/uploads\/2022\/10\/nussbaum-700x366-1-150x150.webp"},{"label":"Kiefer RC 270","price":"","image":"https:\/\/tesler.ee\/wp-content\/uploads\/2022\/10\/kiefer-700x364-1.webp","image_id":"1590","thumb":"https:\/\/tesler.ee\/wp-content\/uploads\/2022\/10\/kiefer-700x364-1-150x150.webp"},{"label":"Eiche rustikal RC 360","price":"","image":"https:\/\/tesler.ee\/wp-content\/uploads\/2022\/10\/eiche-rustikal-700x363-1.webp","image_id":"1591","thumb":"https:\/\/tesler.ee\/wp-content\/uploads\/2022\/10\/eiche-rustikal-700x363-1-150x150.webp"},{"label":"Eiche hell RC 365","price":"","image":"https:\/\/tesler.ee\/wp-content\/uploads\/2022\/10\/eiche-hell-700x358-1.webp","image_id":"1592","thumb":"https:\/\/tesler.ee\/wp-content\/uploads\/2022\/10\/eiche-hell-700x358-1-150x150.webp"},{"label":"Hemlock RC 120","price":"","image":"https:\/\/tesler.ee\/wp-content\/uploads\/2022\/10\/hemlock-700x361-1.webp","image_id":"1593","thumb":"https:\/\/tesler.ee\/wp-content\/uploads\/2022\/10\/hemlock-700x361-1-150x150.webp"},{"label":"Weiss RC 990","price":"","image":"https:\/\/tesler.ee\/wp-content\/uploads\/2022\/10\/weiss-700x364-1.webp","image_id":"1594","thumb":"https:\/\/tesler.ee\/wp-content\/uploads\/2022\/10\/weiss-700x364-1-150x150.webp"},{"label":"Ebenholz RC 790","price":"","image":"https:\/\/tesler.ee\/wp-content\/uploads\/2022\/10\/ebenholz-700x368-1.webp","image_id":"1595","thumb":"https:\/\/tesler.ee\/wp-content\/uploads\/2022\/10\/ebenholz-700x368-1-150x150.webp"},{"label":"Salzgr\u00fcn RC 965","price":"","image":"https:\/\/tesler.ee\/wp-content\/uploads\/2022\/10\/salzgru\u0308n-700x365-1.webp","image_id":"1596","thumb":"https:\/\/tesler.ee\/wp-content\/uploads\/2022\/10\/salzgru\u0308n-700x365-1-150x150.webp"}],"relations":false,"form_id":3485,"form_rules":{"pric_cal_option_once":false,"exclude_from_discount":false,"pric_use_as_fee":false,"fee_label":"Maksud","render_after_acb":false,"disp_hide_options_price":false}}]},"yoast_head":"<!-- This site is optimized with the Yoast SEO plugin v27.3 - https:\/\/yoast.com\/product\/yoast-seo-wordpress\/ -->\n<title>Nette kleine Iglusauna (2.7m) - Tesler<\/title>\n<meta name=\"robots\" content=\"index, follow, max-snippet:-1, max-image-preview:large, max-video-preview:-1\" \/>\n<link rel=\"canonical\" href=\"https:\/\/tesler.ee\/de\/toode\/iglusaun-2-7m\/\" \/>\n<meta property=\"og:locale\" content=\"de_DE\" \/>\n<meta property=\"og:type\" content=\"article\" \/>\n<meta property=\"og:title\" content=\"Nette kleine Iglusauna (2.7m) - Tesler\" \/>\n<meta property=\"og:description\" content=\"Wenn der eine Nachbar schon eine Fasssauna und der andere eine ovale Sauna hat, dann nehmen Sie doch eine Iglusauna. Dann sind Sie wie Ihre Nachbarn \u2013 ein einfallsreicher Mensch.\" \/>\n<meta property=\"og:url\" content=\"https:\/\/tesler.ee\/de\/toode\/iglusaun-2-7m\/\" \/>\n<meta property=\"og:site_name\" content=\"Tesler\" \/>\n<meta property=\"article:publisher\" content=\"https:\/\/www.facebook.com\/people\/Tesler-Grupp\/100054456791911\/\" \/>\n<meta property=\"article:modified_time\" content=\"2024-04-29T10:12:39+00:00\" \/>\n<meta property=\"og:image\" content=\"https:\/\/tesler.ee\/wp-content\/uploads\/2022\/06\/26-pood-sauna-1-1024x660.png\" \/>\n\t<meta property=\"og:image:width\" content=\"1024\" \/>\n\t<meta property=\"og:image:height\" content=\"660\" \/>\n\t<meta property=\"og:image:type\" content=\"image\/png\" \/>\n<meta name=\"twitter:card\" content=\"summary_large_image\" \/>\n<meta name=\"twitter:label1\" content=\"Gesch\u00e4tzte Lesezeit\" \/>\n\t<meta name=\"twitter:data1\" content=\"1\u00a0Minute\" \/>\n<script type=\"application\/ld+json\" class=\"yoast-schema-graph\">{\"@context\":\"https:\\\/\\\/schema.org\",\"@graph\":[{\"@type\":\"WebPage\",\"@id\":\"https:\\\/\\\/tesler.ee\\\/de\\\/toode\\\/iglusaun-2-7m\\\/\",\"url\":\"https:\\\/\\\/tesler.ee\\\/de\\\/toode\\\/iglusaun-2-7m\\\/\",\"name\":\"Nette kleine Iglusauna (2.7m) - Tesler\",\"isPartOf\":{\"@id\":\"https:\\\/\\\/tesler.ee\\\/#website\"},\"primaryImageOfPage\":{\"@id\":\"https:\\\/\\\/tesler.ee\\\/de\\\/toode\\\/iglusaun-2-7m\\\/#primaryimage\"},\"image\":{\"@id\":\"https:\\\/\\\/tesler.ee\\\/de\\\/toode\\\/iglusaun-2-7m\\\/#primaryimage\"},\"thumbnailUrl\":\"https:\\\/\\\/tesler.ee\\\/wp-content\\\/uploads\\\/2022\\\/06\\\/26-pood-sauna-1.png\",\"datePublished\":\"2022-06-01T16:00:32+00:00\",\"dateModified\":\"2024-04-29T10:12:39+00:00\",\"breadcrumb\":{\"@id\":\"https:\\\/\\\/tesler.ee\\\/de\\\/toode\\\/iglusaun-2-7m\\\/#breadcrumb\"},\"inLanguage\":\"de\",\"potentialAction\":[{\"@type\":\"ReadAction\",\"target\":[\"https:\\\/\\\/tesler.ee\\\/de\\\/toode\\\/iglusaun-2-7m\\\/\"]}]},{\"@type\":\"ImageObject\",\"inLanguage\":\"de\",\"@id\":\"https:\\\/\\\/tesler.ee\\\/de\\\/toode\\\/iglusaun-2-7m\\\/#primaryimage\",\"url\":\"https:\\\/\\\/tesler.ee\\\/wp-content\\\/uploads\\\/2022\\\/06\\\/26-pood-sauna-1.png\",\"contentUrl\":\"https:\\\/\\\/tesler.ee\\\/wp-content\\\/uploads\\\/2022\\\/06\\\/26-pood-sauna-1.png\",\"width\":2000,\"height\":1290},{\"@type\":\"BreadcrumbList\",\"@id\":\"https:\\\/\\\/tesler.ee\\\/de\\\/toode\\\/iglusaun-2-7m\\\/#breadcrumb\",\"itemListElement\":[{\"@type\":\"ListItem\",\"position\":1,\"name\":\"Home\",\"item\":\"https:\\\/\\\/tesler.ee\\\/de\\\/hauptseite\\\/\"},{\"@type\":\"ListItem\",\"position\":2,\"name\":\"Shop\",\"item\":\"https:\\\/\\\/tesler.ee\\\/de\\\/shop\\\/\"},{\"@type\":\"ListItem\",\"position\":3,\"name\":\"Nette kleine Iglusauna (2.7m)\"}]},{\"@type\":\"WebSite\",\"@id\":\"https:\\\/\\\/tesler.ee\\\/#website\",\"url\":\"https:\\\/\\\/tesler.ee\\\/\",\"name\":\"Tesler.ee\",\"description\":\"Tervislik olemine v&otilde;ib olla l&otilde;&otilde;gastav\",\"potentialAction\":[{\"@type\":\"SearchAction\",\"target\":{\"@type\":\"EntryPoint\",\"urlTemplate\":\"https:\\\/\\\/tesler.ee\\\/?s={search_term_string}\"},\"query-input\":{\"@type\":\"PropertyValueSpecification\",\"valueRequired\":true,\"valueName\":\"search_term_string\"}}],\"inLanguage\":\"de\"}]}<\/script>\n<!-- \/ Yoast SEO plugin. -->","yoast_head_json":{"title":"Nette kleine Iglusauna (2.7m) - Tesler","robots":{"index":"index","follow":"follow","max-snippet":"max-snippet:-1","max-image-preview":"max-image-preview:large","max-video-preview":"max-video-preview:-1"},"canonical":"https:\/\/tesler.ee\/de\/toode\/iglusaun-2-7m\/","og_locale":"de_DE","og_type":"article","og_title":"Nette kleine Iglusauna (2.7m) - Tesler","og_description":"Wenn der eine Nachbar schon eine Fasssauna und der andere eine ovale Sauna hat, dann nehmen Sie doch eine Iglusauna. Dann sind Sie wie Ihre Nachbarn \u2013 ein einfallsreicher Mensch.","og_url":"https:\/\/tesler.ee\/de\/toode\/iglusaun-2-7m\/","og_site_name":"Tesler","article_publisher":"https:\/\/www.facebook.com\/people\/Tesler-Grupp\/100054456791911\/","article_modified_time":"2024-04-29T10:12:39+00:00","og_image":[{"width":1024,"height":660,"url":"https:\/\/tesler.ee\/wp-content\/uploads\/2022\/06\/26-pood-sauna-1-1024x660.png","type":"image\/png"}],"twitter_card":"summary_large_image","twitter_misc":{"Gesch\u00e4tzte Lesezeit":"1\u00a0Minute"},"schema":{"@context":"https:\/\/schema.org","@graph":[{"@type":"WebPage","@id":"https:\/\/tesler.ee\/de\/toode\/iglusaun-2-7m\/","url":"https:\/\/tesler.ee\/de\/toode\/iglusaun-2-7m\/","name":"Nette kleine Iglusauna (2.7m) - Tesler","isPartOf":{"@id":"https:\/\/tesler.ee\/#website"},"primaryImageOfPage":{"@id":"https:\/\/tesler.ee\/de\/toode\/iglusaun-2-7m\/#primaryimage"},"image":{"@id":"https:\/\/tesler.ee\/de\/toode\/iglusaun-2-7m\/#primaryimage"},"thumbnailUrl":"https:\/\/tesler.ee\/wp-content\/uploads\/2022\/06\/26-pood-sauna-1.png","datePublished":"2022-06-01T16:00:32+00:00","dateModified":"2024-04-29T10:12:39+00:00","breadcrumb":{"@id":"https:\/\/tesler.ee\/de\/toode\/iglusaun-2-7m\/#breadcrumb"},"inLanguage":"de","potentialAction":[{"@type":"ReadAction","target":["https:\/\/tesler.ee\/de\/toode\/iglusaun-2-7m\/"]}]},{"@type":"ImageObject","inLanguage":"de","@id":"https:\/\/tesler.ee\/de\/toode\/iglusaun-2-7m\/#primaryimage","url":"https:\/\/tesler.ee\/wp-content\/uploads\/2022\/06\/26-pood-sauna-1.png","contentUrl":"https:\/\/tesler.ee\/wp-content\/uploads\/2022\/06\/26-pood-sauna-1.png","width":2000,"height":1290},{"@type":"BreadcrumbList","@id":"https:\/\/tesler.ee\/de\/toode\/iglusaun-2-7m\/#breadcrumb","itemListElement":[{"@type":"ListItem","position":1,"name":"Home","item":"https:\/\/tesler.ee\/de\/hauptseite\/"},{"@type":"ListItem","position":2,"name":"Shop","item":"https:\/\/tesler.ee\/de\/shop\/"},{"@type":"ListItem","position":3,"name":"Nette kleine Iglusauna (2.7m)"}]},{"@type":"WebSite","@id":"https:\/\/tesler.ee\/#website","url":"https:\/\/tesler.ee\/","name":"Tesler.ee","description":"Tervislik olemine v&otilde;ib olla l&otilde;&otilde;gastav","potentialAction":[{"@type":"SearchAction","target":{"@type":"EntryPoint","urlTemplate":"https:\/\/tesler.ee\/?s={search_term_string}"},"query-input":{"@type":"PropertyValueSpecification","valueRequired":true,"valueName":"search_term_string"}}],"inLanguage":"de"}]}},"_links":{"self":[{"href":"https:\/\/tesler.ee\/de\/wp-json\/wp\/v2\/product\/3131","targetHints":{"allow":["GET"]}}],"collection":[{"href":"https:\/\/tesler.ee\/de\/wp-json\/wp\/v2\/product"}],"about":[{"href":"https:\/\/tesler.ee\/de\/wp-json\/wp\/v2\/types\/product"}],"wp:featuredmedia":[{"embeddable":true,"href":"https:\/\/tesler.ee\/de\/wp-json\/wp\/v2\/media\/2469"}],"wp:attachment":[{"href":"https:\/\/tesler.ee\/de\/wp-json\/wp\/v2\/media?parent=3131"}],"wp:term":[{"taxonomy":"product_brand","embeddable":true,"href":"https:\/\/tesler.ee\/de\/wp-json\/wp\/v2\/product_brand?post=3131"},{"taxonomy":"product_cat","embeddable":true,"href":"https:\/\/tesler.ee\/de\/wp-json\/wp\/v2\/product_cat?post=3131"},{"taxonomy":"product_tag","embeddable":true,"href":"https:\/\/tesler.ee\/de\/wp-json\/wp\/v2\/product_tag?post=3131"}],"curies":[{"name":"wp","href":"https:\/\/api.w.org\/{rel}","templated":true}]}}